{"id":406,"date":"2020-10-27T19:44:16","date_gmt":"2020-10-27T19:44:16","guid":{"rendered":"https:\/\/sobiad.org\/eJOURNALS\/journal_IJEBEG\/index.html\/?page_id=406"},"modified":"2020-10-27T19:44:17","modified_gmt":"2020-10-27T19:44:17","slug":"ijebeg-vol-3-issue-1-2-2011","status":"publish","type":"page","link":"https:\/\/sobiad.org\/eJOURNALS\/journal_IJEBEG\/index.html\/ijebeg-vol-3-issue-1-2-2011\/","title":{"rendered":"IJEBEG, Vol 3, Issue 1-2, 2011"},"content":{"rendered":"\n<p>Our Archive contains the full text of all articles published in the International Journal of eBusiness and eGovernment Studies.<br>All articles published in the IJEBEG are available as Portable Document Format (PDF) documents. Free Adobe Reader software is needed for reading [<a href=\"http:\/\/www.adobe.com\/products\/acrobat\/readstep2.html\">download<\/a>]<br><br><strong>Vol 3, No 1, January\u00a0 2011<\/strong><br><strong>Content<\/strong><br><br>Ahmet Ozturk &amp; Koray Umit &amp; Ihsan Tolga Medeni\u00a0 &amp; Burak Ucuncu &amp; Meryem Caylan &amp; Firat Akba &amp; Tunc Durmus Medeni<br><a href=\"https:\/\/sobiad.org\/eJOURNALS\/journal_IJEBEG\/index.html\/eJOURNALS\/journal_IJEBEG\/arhieves\/2011_1\/01ahmet_ozturk.pdf\">\u201cGreen ICT (Information and Communication Technologies): A Review of Academic and Practitioner Perspectives\u201d<\/a><br><br>Burcu Bastabak &amp; Tunc Durmus Medeni<br><a href=\"https:\/\/sobiad.org\/eJOURNALS\/journal_IJEBEG\/index.html\/eJOURNALS\/journal_IJEBEG\/arhieves\/2011_1\/02burcu_bastabak.pdf\">Application of Informatics Technologies into Customs: Origin and Tariff Code Diversion, Impacts and Identification Problem<\/a><br><br>Cansu Durukan &amp; M.Teoman Pamukcu<br><a href=\"https:\/\/sobiad.org\/eJOURNALS\/journal_IJEBEG\/index.html\/eJOURNALS\/journal_IJEBEG\/arhieves\/2011_1\/03cansu_durukan.pdf\">\u201cGlobal Production Networks and Knowledge Transfer Mechanisims\u201d<\/a><br><br>Duygu Saracoglu<br><a href=\"https:\/\/sobiad.org\/eJOURNALS\/journal_IJEBEG\/index.html\/eJOURNALS\/journal_IJEBEG\/arhieves\/2011_1\/04duygu_saracoglu.pdf\">\u201cMapping the Cycles-Knowledge Management and E-Government-\u201d<\/a><br><br>Kamil Demirhan &amp; M. Kemal Oktem<br><a href=\"https:\/\/sobiad.org\/eJOURNALS\/journal_IJEBEG\/index.html\/eJOURNALS\/journal_IJEBEG\/arhieves\/2011_1\/05kamil_demirhan.pdf\">\u201cElectronic Participation in the Policy Making Process: A Case Study\u201d<\/a><br><br>Karim Al-Yafi&amp; Habin Lee &amp; Afshin Mansouri<br><a href=\"https:\/\/sobiad.org\/eJOURNALS\/journal_IJEBEG\/index.html\/eJOURNALS\/journal_IJEBEG\/arhieves\/2011_1\/06karim_al_yafi.pdf\">\u201cCentralised Versus Market-Based Control under Environment Uncertainty: Case of the Mobile Task Allocation Problem (MTAP)\u201d<\/a><br><br>Kriszti\u00e1n Kisari &amp; J\u00f3zsef Csern\u00e1k &amp; Zolt\u00e1n Z\u00f6r\u00f6g &amp; Istv\u00e1n Tak\u00e1cs<br><a href=\"https:\/\/sobiad.org\/eJOURNALS\/journal_IJEBEG\/index.html\/eJOURNALS\/journal_IJEBEG\/arhieves\/2011_1\/07kriszt_kisari.pdf\">\u201cThe Management&#8217;s Role in the Success of the Introduction of Management Information Systems\u201d<\/a><br><br>Mohammed Ashour<br><a href=\"https:\/\/sobiad.org\/eJOURNALS\/journal_IJEBEG\/index.html\/eJOURNALS\/journal_IJEBEG\/arhieves\/2011_1\/08mohammed_ashour.pdf\">\u201cInvestigating `Marketing Orientation` Influences on Achieving Competitive Advantage \u2013Within Jordanian Mobile Telecommunication Industry (Behavioural- Attitudinal Perspective)\u201d<\/a><br><br>Muhajir Kachwamba &amp; Iddi Makombe<br><a href=\"https:\/\/sobiad.org\/eJOURNALS\/journal_IJEBEG\/index.html\/eJOURNALS\/journal_IJEBEG\/arhieves\/2011_1\/09muhajir_kachwamba.pdf\">Evaluating the Cost-Benefits of E-Government Projects: Rationale for Going beyond Objective Financial Measures\u201d<\/a><br><br>Mustafa Sagsan &amp; Serife Eyupoglu &amp; Tulen Saner<br><a href=\"https:\/\/sobiad.org\/eJOURNALS\/journal_IJEBEG\/index.html\/eJOURNALS\/journal_IJEBEG\/arhieves\/2011_1\/10mustafa_sagsan.pdf\">\u201cInstitutional Isomorphism between the TRNC and Turkey for E-Government Strategy: What Encourages Spontaneous Isomorphism?\u201d<\/a><br><br>Oktay Adalier &amp; Fatih Birinci &amp; Suleyman Kardas &amp; Mehmet Sabir Kiraz<br><a href=\"https:\/\/sobiad.org\/eJOURNALS\/journal_IJEBEG\/index.html\/eJOURNALS\/journal_IJEBEG\/arhieves\/2011_1\/11oktay_adalier.pdf\">\u201cA Case Study for Turkey: A Secure Paper-Based Electronic Voting System\u201d<\/a><br><br>Rabia Bahar Uste &amp; Berrin Guzel<br><a href=\"https:\/\/sobiad.org\/eJOURNALS\/journal_IJEBEG\/index.html\/eJOURNALS\/journal_IJEBEG\/arhieves\/2011_1\/12rabia_bahar_uste.pdf\">\u201cReferendums and E-Voting in Turkey\u201d<\/a><br><br>Serbulent Unsal &amp; Meryem Ayas &amp; Tunc Durmus Medeni<br><a href=\"https:\/\/sobiad.org\/eJOURNALS\/journal_IJEBEG\/index.html\/eJOURNALS\/journal_IJEBEG\/arhieves\/2011_1\/13serbulent_unsal.pdf\">\u201cTacit Knowledge Extraction for Software Requirement Specification\u201d<\/a><br><br>Susanne J. Niklas &amp; Stephan B\u00f6hm<br><a href=\"https:\/\/sobiad.org\/eJOURNALS\/journal_IJEBEG\/index.html\/eJOURNALS\/journal_IJEBEG\/arhieves\/2011_1\/14susanne_niklas.pdf\">\u201cApplying Mobile Technologies for Personnel Recruiting \u2013An Analysis of User-Sided Acceptance Factors\u201d<\/a><br><br><strong>Vol 3, No 2, July\u00a0 2011<br>Content<\/strong><br><br>Ali Acilar &amp; Gozde Koca &amp; Caglar Karamasa<br><a href=\"https:\/\/sobiad.org\/eJOURNALS\/journal_IJEBEG\/index.html\/eJOURNALS\/journal_IJEBEG\/arhieves\/2011_2\/01ali_acilar.pdf\">\u201cDigital Divide among Enterprises in a Developing Country\u201d<\/a><br><br>Allan Mac Quinn Garrig\u00f3s &amp;\u00a0Renato Jos\u00e9 Sassi<br><a href=\"https:\/\/sobiad.org\/eJOURNALS\/journal_IJEBEG\/index.html\/eJOURNALS\/journal_IJEBEG\/arhieves\/2011_2\/02allan_mac.pdf\">\u201cMethodology for Generation of Corporate Network Hostname\u201d<\/a><br><br>Asli Ertan &amp; Tunc Medeni<br><a href=\"https:\/\/sobiad.org\/eJOURNALS\/journal_IJEBEG\/index.html\/eJOURNALS\/journal_IJEBEG\/arhieves\/2011_2\/03asli_ertan.pdf\">\u201cConstruction in Social Networking Sites &amp; Online Fantasy Role-Playing Games\u201d<\/a><br><br>Aykut Arslan<br><a href=\"https:\/\/sobiad.org\/eJOURNALS\/journal_IJEBEG\/index.html\/eJOURNALS\/journal_IJEBEG\/arhieves\/2011_2\/04aykut_arslan.pdf\">\u201cSophistication of E-Services in Turkish Provincial Municipalities: Recent Status\u201d<\/a><br><br>Ayse Gunsel &amp; Ayca Tukel<br><a href=\"https:\/\/sobiad.org\/eJOURNALS\/journal_IJEBEG\/index.html\/eJOURNALS\/journal_IJEBEG\/arhieves\/2011_2\/05ayse_gunsel.pdf\">\u201cDoes Information Technology Capability Improve Bank Performance? Evidence from Turkey\u201d<\/a><br><br>Fazli Yildirim<br><a href=\"https:\/\/sobiad.org\/eJOURNALS\/journal_IJEBEG\/index.html\/eJOURNALS\/journal_IJEBEG\/arhieves\/2011_2\/06fazli_yildirim.pdf\">\u201cIntegration and System Failures of Electronic Governmental Procurement Systems in Turkey and Proposals for More Efficient Systems in the Light Of B2B Portal Movements\u201d<\/a><br><br>Gulsum Aydin &amp; Sibel Bayar Caglak &amp; Guler Alkan<br><a href=\"https:\/\/sobiad.org\/eJOURNALS\/journal_IJEBEG\/index.html\/eJOURNALS\/journal_IJEBEG\/arhieves\/2011_2\/07gulsum_aydin.pdf\">\u201cThe Effects of E-Commerce on Supply Chain in Turkey\u201d<\/a><br><br>Hala Al-Khatib &amp; Habin Lee<br><a href=\"https:\/\/sobiad.org\/eJOURNALS\/journal_IJEBEG\/index.html\/eJOURNALS\/journal_IJEBEG\/arhieves\/2011_2\/08hala_alkhatib.pdf\">\u201cE-Government Systems Success and User Acceptance in Developing Countries: The Role of Percieved Support Quality\u201d<\/a><br><br>Iddi Makombe &amp; Muhajir Kachwamba<br><a href=\"https:\/\/sobiad.org\/eJOURNALS\/journal_IJEBEG\/index.html\/eJOURNALS\/journal_IJEBEG\/arhieves\/2011_2\/09iddi_makombe.pdf\">\u201cInternet Marketing in the Public Sector: The Case of Investment Promotion Agencies\u201d<\/a><br><br>Ihsan Tolga Medeni &amp; Tunc Medeni &amp; Mehmet Tolun<br><a href=\"https:\/\/sobiad.org\/eJOURNALS\/journal_IJEBEG\/index.html\/eJOURNALS\/journal_IJEBEG\/arhieves\/2011_2\/10ihsan_tolga_medeni.pdf\">\u201cTacit Knowledge Visualization through Organizational Explicit Knowledge Warehouses: A Proposal for Research Methodology Design and Execution\u201d<\/a><br><br>Iva Walterova &amp; Irina Zalisova<br><a href=\"https:\/\/sobiad.org\/eJOURNALS\/journal_IJEBEG\/index.html\/eJOURNALS\/journal_IJEBEG\/arhieves\/2011_2\/11iva_walterova.pdf\">\u201cWomen Excluded or Empowered? A Case for Digital Local Agenda in Europe\u201d<\/a><br><br>Jae Hoon Lim &amp; Habin Lee<br><a href=\"https:\/\/sobiad.org\/eJOURNALS\/journal_IJEBEG\/index.html\/eJOURNALS\/journal_IJEBEG\/arhieves\/2011_2\/12jae_hoon_lim.pdf\">\u201cWhat Makes an Online Brand Community Detain Its Users? A Layered Motivation Perspective\u201d<\/a><br><br>Oktay Adalier &amp; Mucahit Mutlugun &amp; Ahmet Fatih Mustacoglu<br><a href=\"https:\/\/sobiad.org\/eJOURNALS\/journal_IJEBEG\/index.html\/eJOURNALS\/journal_IJEBEG\/arhieves\/2011_2\/13oktay_adalier.pdf\">\u201cIntegration of Turkish EID with E-Government &amp; E-Business Services\u201d<\/a><\/p>\n","protected":false},"excerpt":{"rendered":"<p>Our Archive contains the full text of all articles published in the International Journal of eBusiness and eGovernment Studies.All articles published in the IJEBEG are available as Portable Document Format (PDF) documents. Free Adobe Reader software is needed for reading [download] Vol 3, No 1, January\u00a0 2011Content Ahmet Ozturk &amp; Koray Umit &amp; Ihsan Tolga [&hellip;]<\/p>\n","protected":false},"author":3,"featured_media":0,"parent":0,"menu_order":0,"comment_status":"closed","ping_status":"closed","template":"","meta":{"footnotes":""},"class_list":["post-406","page","type-page","status-publish","hentry"],"_links":{"self":[{"href":"https:\/\/sobiad.org\/eJOURNALS\/journal_IJEBEG\/index.html\/wp-json\/wp\/v2\/pages\/406","targetHints":{"allow":["GET"]}}],"collection":[{"href":"https:\/\/sobiad.org\/eJOURNALS\/journal_IJEBEG\/index.html\/wp-json\/wp\/v2\/pages"}],"about":[{"href":"https:\/\/sobiad.org\/eJOURNALS\/journal_IJEBEG\/index.html\/wp-json\/wp\/v2\/types\/page"}],"author":[{"embeddable":true,"href":"https:\/\/sobiad.org\/eJOURNALS\/journal_IJEBEG\/index.html\/wp-json\/wp\/v2\/users\/3"}],"replies":[{"embeddable":true,"href":"https:\/\/sobiad.org\/eJOURNALS\/journal_IJEBEG\/index.html\/wp-json\/wp\/v2\/comments?post=406"}],"version-history":[{"count":1,"href":"https:\/\/sobiad.org\/eJOURNALS\/journal_IJEBEG\/index.html\/wp-json\/wp\/v2\/pages\/406\/revisions"}],"predecessor-version":[{"id":407,"href":"https:\/\/sobiad.org\/eJOURNALS\/journal_IJEBEG\/index.html\/wp-json\/wp\/v2\/pages\/406\/revisions\/407"}],"wp:attachment":[{"href":"https:\/\/sobiad.org\/eJOURNALS\/journal_IJEBEG\/index.html\/wp-json\/wp\/v2\/media?parent=406"}],"curies":[{"name":"wp","href":"https:\/\/api.w.org\/{rel}","templated":true}]}}