{"id":410,"date":"2020-10-27T19:51:45","date_gmt":"2020-10-27T19:51:45","guid":{"rendered":"https:\/\/sobiad.org\/eJOURNALS\/journal_IJEBEG\/index.html\/?page_id=410"},"modified":"2020-12-21T14:07:23","modified_gmt":"2020-12-21T14:07:23","slug":"ijebeg-vol-5-issue-1-2-2013","status":"publish","type":"page","link":"https:\/\/sobiad.org\/eJOURNALS\/journal_IJEBEG\/index.html\/ijebeg-vol-5-issue-1-2-2013\/","title":{"rendered":"IJEBEG, Vol 5, Issue 1-2, 2013"},"content":{"rendered":"\n<p>Our Archive contains the full text of all articles published in the International Journal of eBusiness and eGovernment Studies.<br>All articles published in the IJEBEG are available as Portable Document Format (PDF) documents. Free Adobe Reader software is needed for reading [download]<br><br><strong>Vol 5, No 1, 2013<br>Content.<\/strong><\/p>\n\n\n\n<p>THE RELATIONSHIP BETWEEN E-MUNICIPALITY, INFORMATION SYSTEMS AND QUALITY OF SERVICE AND THEIR REFLECTIONS IN TURKEY<br><a href=\"https:\/\/sobiad.org\/eJOURNALS\/journal_IJEBEG\/index.html\/wp-content\/uploads\/2020\/12\/A.Selcuk-Koyluoglu.pdf\">A.Sel\u00e7uk K\u00f6yl\u00fco\u011flu-\u00a0Haydar \u0130nce- \u00d6zdal Koyuncuo\u011flu-\u00a0Muammer Zerenler<\/a><br><br>INVESTIGATING DIFFERENT USER PROFILES OF E-GOVERNMENT SERVICES FOR TURKEY<br><a href=\"https:\/\/sobiad.org\/eJOURNALS\/journal_IJEBEG\/index.html\/eJOURNALS\/journal_IJEBEG\/arhieves\/2013_1\/abdulkadir_hiziroglu2.pdf\">Abdulkadir H\u0131z\u0131ro\u011flu- Hala AlKhatip- Emel Akta\u015f-Tun\u00e7 D. Medeni- Habin Lee-\u00d6zkan Dalbay<\/a><br><br>INTERNATIONALIZATION OF HIGHER AND POSTGRADUATE EDUCATION IN KAZAKHSTAN: FOCUS ON BUSINESS EDUCATION<br><a href=\"https:\/\/sobiad.org\/eJOURNALS\/journal_IJEBEG\/index.html\/eJOURNALS\/journal_IJEBEG\/arhieves\/2013_1\/Agipa_Monobayeva.pdf\">Agipa Monobayeva<\/a><br><br>COBIT-5 FRAMEWORK as a MODEL FOR THE REGIONAL DEVELOPMENT AGENCIES IN TURKEY<br><a href=\"https:\/\/sobiad.org\/eJOURNALS\/journal_IJEBEG\/index.html\/eJOURNALS\/journal_IJEBEG\/arhieves\/2013_1\/ahmet_efe.pdf\">Ahmet Efe<\/a><br><br>SCHOOLING AND SCHOOL LEADERSHIP IN KAZAKHSTAN:\u00a0SUGGESTIONS FOR INNOVATIVE PRACTICE<br><a href=\"https:\/\/sobiad.org\/eJOURNALS\/journal_IJEBEG\/index.html\/eJOURNALS\/journal_IJEBEG\/arhieves\/2013_1\/Anar_Mukhtarova.pdf\">Anar Mukhtarova &#8211;\u00a0Tunc Medeni<\/a><br><br>MANAGEMENT OF TASKS IN VIRTUALIZED ENVIRONMENTS<br><a href=\"https:\/\/sobiad.org\/eJOURNALS\/journal_IJEBEG\/index.html\/eJOURNALS\/journal_IJEBEG\/arhieves\/2013_1\/Asil-alkaya.pdf\">Asil ALKAYA<\/a><br><br>\u201cSOCIAL KNOWLEDGE CO-CONSTRUCTION\u201d CONCEPTUAL FRAMEWORK AND GOOGLE+ APPLICATIONS<br><a href=\"https:\/\/sobiad.org\/eJOURNALS\/journal_IJEBEG\/index.html\/eJOURNALS\/journal_IJEBEG\/arhieves\/2013_1\/Cemil_Uzun.pdf\">Cemil UZUN- Figen DEM\u0130REL UZUN- Tun\u00e7 MEDEN\u0130<\/a><br><br>E-COMMERCE METHODS UTILIZED BY SMALL AND MEDIUM-SIZED ENTERPRISES DURING THEIR EXPANSION INTO EXTERNAL MARKETS<br><a href=\"https:\/\/sobiad.org\/eJOURNALS\/journal_IJEBEG\/index.html\/eJOURNALS\/journal_IJEBEG\/arhieves\/2013_1\/Dilan-ozcan.pdf\">Dilan \u00d6zcan<\/a><br><br>TOWORDS AN ALGERIAN E-GOVERNMENT STRATEGY AND ACHIEVEMENTS<br><a href=\"https:\/\/sobiad.org\/eJOURNALS\/journal_IJEBEG\/index.html\/eJOURNALS\/journal_IJEBEG\/arhieves\/2013_1\/Djilali-Idou.pdf\">Djilali IDOUGHI-\u00a0Djeddi ABDELHAKIM<\/a><br><br>TOPIC MODEL IMPLEMENTATION TO FIND RELATED DOCUMENTS IN CORPORATE ARCHIVES IN REAL LIFE: \u201cA CASE SCENARIO ON KNOWLEDGE RETRIEVAL\u201d<br><a href=\"https:\/\/sobiad.org\/eJOURNALS\/journal_IJEBEG\/index.html\/eJOURNALS\/journal_IJEBEG\/arhieves\/2013_1\/ihsantolga_medeni.pdf\">\u0130hsan Tolga Medeni-Tun\u00e7 Durmu\u015f Medeni<\/a><br><br>A KNOWLEDGE MANAGEMENT APPROACH TO CITIZEN RELATIONSHIP MANAGEMENT IN E-GOVERNMENT CONTEXT<br><a href=\"https:\/\/sobiad.org\/eJOURNALS\/journal_IJEBEG\/index.html\/eJOURNALS\/journal_IJEBEG\/arhieves\/2013_1\/Norshidah-Mohamed1.pdf\">Norshidah Mohamed-<br>\u00a0Nor Shahriza Abdul Karim-\u00a0Mohamed Jalaldeen Mohamed Razi<\/a><br><br>E-VEHICLE<br><a href=\"https:\/\/sobiad.org\/eJOURNALS\/journal_IJEBEG\/index.html\/eJOURNALS\/journal_IJEBEG\/arhieves\/2013_1\/Tijen-over.pdf\">Tijen \u00d6VER \u00d6Z\u00c7EL\u0130K-Mesut \u015eAH\u0130N<\/a><br><br><strong>Vol 5, No 2, 2013<\/strong><br><strong>Content.<\/strong><br><br>A BALANCED SCORECARD APPLICATION IN TURKISH FINANCIAL SECTOR USING BUSINESS INTELLIGENCE<br><a href=\"https:\/\/sobiad.org\/eJOURNALS\/journal_IJEBEG\/index.html\/eJOURNALS\/journal_IJEBEG\/arhieves\/2013_2\/abdulkadir_hiziroglu.pdf\">Abdulkadir H\u0131z\u0131ro\u011flu- Muazzez Pinar Yukay Bora-Ourania Areta<\/a><br><br>CHANGE MANAGEMENT IN E-TRANSFORMATION PROJECTS CASE STUDY FROM TURKEY<br><a href=\"https:\/\/sobiad.org\/eJOURNALS\/journal_IJEBEG\/index.html\/eJOURNALS\/journal_IJEBEG\/arhieves\/2013_2\/eda-yuksel.pdf\">Eda Y\u00dcKSEL- Sare G\u00fcl SEV\u0130L- Mustafa AFYONLUO\u011eLU- Atilla AYDIN-Ahmet T\u00dcMAY- Murat K. G\u00dcNG\u00d6R<\/a><br><br>USERS\u2019 ADOPTION OF MOBILE SERVICES: A WORK IN PROGRESS STUDY ON MOBILE -SEAT-RESERVATION SYSTEM FOR RESTAURANTS<br><a href=\"https:\/\/sobiad.org\/eJOURNALS\/journal_IJEBEG\/index.html\/eJOURNALS\/journal_IJEBEG\/arhieves\/2013_2\/emre-sezgin.pdf\">Emre Sezgin- Sevgi \u00d6zkan<\/a><br><br>ASSESSING E- GOVERNMENT SERVICE QUALITY MODEL AND AN APPLICATION: AN EXAMPLE OF MUNICIPALITY OF NAZILLI<br><a href=\"https:\/\/sobiad.org\/eJOURNALS\/journal_IJEBEG\/index.html\/eJOURNALS\/journal_IJEBEG\/arhieves\/2013_2\/esin-sayin.pdf\">Esin SAYIN- Alg\u0131n OKURSOY<\/a><br><br>REALITIES AND PERSPECTIVES OF DEVELOPMENT OF E-GOVERNMENT IN THE KAZAKHSTAN<br><a href=\"https:\/\/sobiad.org\/eJOURNALS\/journal_IJEBEG\/index.html\/eJOURNALS\/journal_IJEBEG\/arhieves\/2013_2\/Gulmira_Sheryazdanova.pdf\">Gulmira Sheryazdanova\u00a0&#8211;\u00a0Ainur Abdrazakova- Tunc Medeni<\/a><br><br>GOVERNANCE AT THE REGIONAL DEVELOPMENT AGENCIES IN TURKEY<br><a href=\"https:\/\/sobiad.org\/eJOURNALS\/journal_IJEBEG\/index.html\/eJOURNALS\/journal_IJEBEG\/arhieves\/2013_2\/gurbuz_ozdemir.pdf\">Gurbuz Ozdemir- Ahmet Efe<\/a><br><br>SOFTARE SECURTY OF WEB APPLICATION AND WEB ATTACKS<br><a href=\"https:\/\/sobiad.org\/eJOURNALS\/journal_IJEBEG\/index.html\/eJOURNALS\/journal_IJEBEG\/arhieves\/2013_2\/hanim_eken.pdf\">Han\u0131m Eken<\/a><\/p>\n","protected":false},"excerpt":{"rendered":"<p>Our Archive contains the full text of all articles published in the International Journal of eBusiness and eGovernment Studies.All articles published in the IJEBEG are available as Portable Document Format (PDF) documents. Free Adobe Reader software is needed for reading [download] Vol 5, No 1, 2013Content. THE RELATIONSHIP BETWEEN E-MUNICIPALITY, INFORMATION SYSTEMS AND QUALITY OF [&hellip;]<\/p>\n","protected":false},"author":3,"featured_media":0,"parent":0,"menu_order":0,"comment_status":"closed","ping_status":"closed","template":"","meta":{"footnotes":""},"class_list":["post-410","page","type-page","status-publish","hentry"],"_links":{"self":[{"href":"https:\/\/sobiad.org\/eJOURNALS\/journal_IJEBEG\/index.html\/wp-json\/wp\/v2\/pages\/410","targetHints":{"allow":["GET"]}}],"collection":[{"href":"https:\/\/sobiad.org\/eJOURNALS\/journal_IJEBEG\/index.html\/wp-json\/wp\/v2\/pages"}],"about":[{"href":"https:\/\/sobiad.org\/eJOURNALS\/journal_IJEBEG\/index.html\/wp-json\/wp\/v2\/types\/page"}],"author":[{"embeddable":true,"href":"https:\/\/sobiad.org\/eJOURNALS\/journal_IJEBEG\/index.html\/wp-json\/wp\/v2\/users\/3"}],"replies":[{"embeddable":true,"href":"https:\/\/sobiad.org\/eJOURNALS\/journal_IJEBEG\/index.html\/wp-json\/wp\/v2\/comments?post=410"}],"version-history":[{"count":4,"href":"https:\/\/sobiad.org\/eJOURNALS\/journal_IJEBEG\/index.html\/wp-json\/wp\/v2\/pages\/410\/revisions"}],"predecessor-version":[{"id":664,"href":"https:\/\/sobiad.org\/eJOURNALS\/journal_IJEBEG\/index.html\/wp-json\/wp\/v2\/pages\/410\/revisions\/664"}],"wp:attachment":[{"href":"https:\/\/sobiad.org\/eJOURNALS\/journal_IJEBEG\/index.html\/wp-json\/wp\/v2\/media?parent=410"}],"curies":[{"name":"wp","href":"https:\/\/api.w.org\/{rel}","templated":true}]}}