{"id":412,"date":"2020-10-27T19:53:53","date_gmt":"2020-10-27T19:53:53","guid":{"rendered":"https:\/\/sobiad.org\/eJOURNALS\/journal_IJEBEG\/index.html\/?page_id=412"},"modified":"2020-10-27T19:53:54","modified_gmt":"2020-10-27T19:53:54","slug":"ijebeg-vol-6-issue-1-2-2014","status":"publish","type":"page","link":"https:\/\/sobiad.org\/eJOURNALS\/journal_IJEBEG\/index.html\/ijebeg-vol-6-issue-1-2-2014\/","title":{"rendered":"IJEBEG, Vol 6, Issue 1-2, 2014"},"content":{"rendered":"\n<p>Our Archive contains the full text of all articles published in the International Journal of eBusiness and eGovernment Studies.<br><br>All articles published in the IJEBEG are available as Portable Document Format (PDF) documents. Free Adobe Reader software is needed for reading [<a href=\"http:\/\/www.adobe.com\/products\/acrobat\/readstep2.html\">download<\/a>]<\/p>\n\n\n\n<p><strong>Vol 6, No 1, 2014<\/strong><br><strong>Content.<\/strong><br><br>E-GOVERNANCE SERVICES FOR SUSTAINABLE LIVELIHOODS: MDGS BASED ASSESSMENT<br><a href=\"https:\/\/sobiad.org\/eJOURNALS\/journal_IJEBEG\/index.html\/eJOURNALS\/journal_IJEBEG\/arhieves\/2014_1\/Harekrishna-Misra.pdf\">Harekrishna Misra- K V Raju<\/a><br><br>E-BUSINESS AND PRO-PRODUCER RURAL ENTERPRISES: VALUE CHAIN BASED ASSESSMENT<br><a href=\"https:\/\/sobiad.org\/eJOURNALS\/journal_IJEBEG\/index.html\/eJOURNALS\/journal_IJEBEG\/arhieves\/2014_1\/K-Raju.pdf\">K V Raju- Harekrishna Misra<\/a><br><br>AN E-GOVERNMENT PROJECT MANAGEMENT APPROACH WITH E-TRANSFORMATION PERSPECTIVE<br><a href=\"https:\/\/sobiad.org\/eJOURNALS\/journal_IJEBEG\/index.html\/eJOURNALS\/journal_IJEBEG\/arhieves\/2014_1\/mustafa_afyonlu.pdf\">Mustafa AFYONLUO\u011eLU-&nbsp;Atilla AYDIN- Sare G\u00fcl SEV\u0130L-Eda Y\u00dcKSEL- Murat K. G\u00dcNG\u00d6R<\/a><br><br><strong>Vol 6, No 2, 2014<\/strong><br><strong>Content.<\/strong><\/p>\n\n\n\n<p>MOVING TOWARD E-BUSINESS: CUSTOMER RELATIONSHIP MANAGEMENT ALIGNMENT IN MALAYSIAN SMALL BUSINESS<br><a href=\"https:\/\/sobiad.org\/eJOURNALS\/journal_IJEBEG\/index.html\/eJOURNALS\/journal_IJEBEG\/arhieves\/2014_2\/Norshidah_Mohamed.pdf\">Norshidah Mohamed-Murni Mahmud-Ramlah Hussein-Umar Aditiawarman<\/a><br><br>KNOWLEDGE MANAGEMENT IN ACCOUNTING FOR FIRMS: BEST PRACTICES AND LEARNING LESSONS FOR KAZAKHSTAN<br><a href=\"https:\/\/sobiad.org\/eJOURNALS\/journal_IJEBEG\/index.html\/eJOURNALS\/journal_IJEBEG\/arhieves\/2014_2\/Regina_Andekina.pdf\">Regina Andekina- Tunc Medeni<\/a><br><br>CATCHING-UP AND LEADING IN E-GOVERNMENT: UNDERSTANDING KOREA\u2019S EXPEREIENCE FROM THE COMPLEX PRODUCT SYSTEMS PERSPECTIVE<br><a href=\"https:\/\/sobiad.org\/eJOURNALS\/journal_IJEBEG\/index.html\/eJOURNALS\/journal_IJEBEG\/arhieves\/2014_2\/Tae-Young.pdf\">Tae-Young Park-&nbsp;Jun-Youn Kim<\/a><\/p>\n","protected":false},"excerpt":{"rendered":"<p>Our Archive contains the full text of all articles published in the International Journal of eBusiness and eGovernment Studies. All articles published in the IJEBEG are available as Portable Document Format (PDF) documents. Free Adobe Reader software is needed for reading [download] Vol 6, No 1, 2014Content. E-GOVERNANCE SERVICES FOR SUSTAINABLE LIVELIHOODS: MDGS BASED ASSESSMENTHarekrishna [&hellip;]<\/p>\n","protected":false},"author":3,"featured_media":0,"parent":0,"menu_order":0,"comment_status":"closed","ping_status":"closed","template":"","meta":{"footnotes":""},"class_list":["post-412","page","type-page","status-publish","hentry"],"_links":{"self":[{"href":"https:\/\/sobiad.org\/eJOURNALS\/journal_IJEBEG\/index.html\/wp-json\/wp\/v2\/pages\/412","targetHints":{"allow":["GET"]}}],"collection":[{"href":"https:\/\/sobiad.org\/eJOURNALS\/journal_IJEBEG\/index.html\/wp-json\/wp\/v2\/pages"}],"about":[{"href":"https:\/\/sobiad.org\/eJOURNALS\/journal_IJEBEG\/index.html\/wp-json\/wp\/v2\/types\/page"}],"author":[{"embeddable":true,"href":"https:\/\/sobiad.org\/eJOURNALS\/journal_IJEBEG\/index.html\/wp-json\/wp\/v2\/users\/3"}],"replies":[{"embeddable":true,"href":"https:\/\/sobiad.org\/eJOURNALS\/journal_IJEBEG\/index.html\/wp-json\/wp\/v2\/comments?post=412"}],"version-history":[{"count":1,"href":"https:\/\/sobiad.org\/eJOURNALS\/journal_IJEBEG\/index.html\/wp-json\/wp\/v2\/pages\/412\/revisions"}],"predecessor-version":[{"id":413,"href":"https:\/\/sobiad.org\/eJOURNALS\/journal_IJEBEG\/index.html\/wp-json\/wp\/v2\/pages\/412\/revisions\/413"}],"wp:attachment":[{"href":"https:\/\/sobiad.org\/eJOURNALS\/journal_IJEBEG\/index.html\/wp-json\/wp\/v2\/media?parent=412"}],"curies":[{"name":"wp","href":"https:\/\/api.w.org\/{rel}","templated":true}]}}