{"id":414,"date":"2020-10-27T19:55:55","date_gmt":"2020-10-27T19:55:55","guid":{"rendered":"https:\/\/sobiad.org\/eJOURNALS\/journal_IJEBEG\/index.html\/?page_id=414"},"modified":"2020-10-27T19:55:57","modified_gmt":"2020-10-27T19:55:57","slug":"ijebeg-vol-7-issue-1-2-2015","status":"publish","type":"page","link":"https:\/\/sobiad.org\/eJOURNALS\/journal_IJEBEG\/index.html\/ijebeg-vol-7-issue-1-2-2015\/","title":{"rendered":"IJEBEG, Vol 7, Issue 1-2, 2015"},"content":{"rendered":"\n<p>Our Archive contains the full text of all articles published in the International Journal of eBusiness and eGovernment Studies.<\/p>\n\n\n\n<p>All articles published in the IJEBEG are available as Portable Document Format (PDF) documents. Free Adobe Reader software is needed for reading [<a href=\"http:\/\/www.adobe.com\/products\/acrobat\/readstep2.html\">download<\/a>]<\/p>\n\n\n\n<p><strong>Vol 7, No 1, 2015<\/strong><br><strong>Content.<\/strong><br><br>&#8220;A NEW METRIC SYSTEM FOR ASSESSMENT OF E-TRANSFORMATION&#8221;<br><a href=\"https:\/\/sobiad.org\/eJOURNALS\/journal_IJEBEG\/index.html\/eJOURNALS\/journal_IJEBEG\/arhieves\/2015-1-2\/gulgun-afacan.pdf\">G\u00fclg\u00fcn Afacan and Ali Arifo\u011flu<\/a><br><br>&#8220;ONLINE SOCIAL NETWORKS AND E-GOVERNMENT \u2013 A THEORETICAL DEBATE ON DEMOCRATIZATION, ETHICS, AND PRIVACY&#8221;<br><a href=\"https:\/\/sobiad.org\/eJOURNALS\/journal_IJEBEG\/index.html\/eJOURNALS\/journal_IJEBEG\/arhieves\/2015-1-2\/Burcu-Selin.pdf\">Burcu Selin Y\u0131lmaz<\/a><br><br><strong>Vol 7, No 2, 2015<\/strong><br><strong>Content.<\/strong><br><br>&#8220;ELECTRONIC GOVERNMENT IN PUBLIC ADMINISTRATION: AN ASSESSMENT OF LOCAL GOVERNMENT WEB SITES IN TURKEY&#8221;<br><a href=\"https:\/\/sobiad.org\/eJOURNALS\/journal_IJEBEG\/index.html\/eJOURNALS\/journal_IJEBEG\/arhieves\/2015-1-2\/idil-sayimer.pdf\">&nbsp;\u0130dil Say\u0131mer<\/a><br><br>&#8220;THE INSIDE STORIES OF&nbsp;THE WAY TO DESIGN A CORPORATE WEBSITE IN LOCAL GOVERNMENTS : THE CASE OF KOCAEL\u0130 BOROUGHS&#8221;<br><a href=\"https:\/\/sobiad.org\/eJOURNALS\/journal_IJEBEG\/index.html\/eJOURNALS\/journal_IJEBEG\/arhieves\/2015-1-2\/pinar-eraslan.pdf\">P\u0131nar Eraslan<\/a><\/p>\n","protected":false},"excerpt":{"rendered":"<p>Our Archive contains the full text of all articles published in the International Journal of eBusiness and eGovernment Studies. All articles published in the IJEBEG are available as Portable Document Format (PDF) documents. Free Adobe Reader software is needed for reading [download] Vol 7, No 1, 2015Content. &#8220;A NEW METRIC SYSTEM FOR ASSESSMENT OF E-TRANSFORMATION&#8221;G\u00fclg\u00fcn [&hellip;]<\/p>\n","protected":false},"author":3,"featured_media":0,"parent":0,"menu_order":0,"comment_status":"closed","ping_status":"closed","template":"","meta":{"footnotes":""},"class_list":["post-414","page","type-page","status-publish","hentry"],"_links":{"self":[{"href":"https:\/\/sobiad.org\/eJOURNALS\/journal_IJEBEG\/index.html\/wp-json\/wp\/v2\/pages\/414","targetHints":{"allow":["GET"]}}],"collection":[{"href":"https:\/\/sobiad.org\/eJOURNALS\/journal_IJEBEG\/index.html\/wp-json\/wp\/v2\/pages"}],"about":[{"href":"https:\/\/sobiad.org\/eJOURNALS\/journal_IJEBEG\/index.html\/wp-json\/wp\/v2\/types\/page"}],"author":[{"embeddable":true,"href":"https:\/\/sobiad.org\/eJOURNALS\/journal_IJEBEG\/index.html\/wp-json\/wp\/v2\/users\/3"}],"replies":[{"embeddable":true,"href":"https:\/\/sobiad.org\/eJOURNALS\/journal_IJEBEG\/index.html\/wp-json\/wp\/v2\/comments?post=414"}],"version-history":[{"count":1,"href":"https:\/\/sobiad.org\/eJOURNALS\/journal_IJEBEG\/index.html\/wp-json\/wp\/v2\/pages\/414\/revisions"}],"predecessor-version":[{"id":415,"href":"https:\/\/sobiad.org\/eJOURNALS\/journal_IJEBEG\/index.html\/wp-json\/wp\/v2\/pages\/414\/revisions\/415"}],"wp:attachment":[{"href":"https:\/\/sobiad.org\/eJOURNALS\/journal_IJEBEG\/index.html\/wp-json\/wp\/v2\/media?parent=414"}],"curies":[{"name":"wp","href":"https:\/\/api.w.org\/{rel}","templated":true}]}}