{"id":416,"date":"2020-10-27T19:57:43","date_gmt":"2020-10-27T19:57:43","guid":{"rendered":"https:\/\/sobiad.org\/eJOURNALS\/journal_IJEBEG\/index.html\/?page_id=416"},"modified":"2020-12-21T14:06:12","modified_gmt":"2020-12-21T14:06:12","slug":"ijebeg-vol-8-issue-1-2-2016","status":"publish","type":"page","link":"https:\/\/sobiad.org\/eJOURNALS\/journal_IJEBEG\/index.html\/ijebeg-vol-8-issue-1-2-2016\/","title":{"rendered":"IJEBEG, Vol 8, Issue 1-2, 2016"},"content":{"rendered":"\n<p>Our Archive contains the full text of all articles published in the International Journal of eBusiness and eGovernment Studies.<br>All articles published in the IJEBEG are available as Portable Document Format (PDF) documents. Free Adobe Reader software is needed for reading [<a href=\"http:\/\/www.adobe.com\/products\/acrobat\/readstep2.html\">download<\/a>]<\/p>\n\n\n\n<p><strong>Vol 8, No 1, 2016<\/strong><br><strong>Content<\/strong><br><br>&#8220;HUMAN(E)GOVERNMENT REVISITED&#8221;<br><a href=\"https:\/\/sobiad.org\/eJOURNALS\/journal_IJEBEG\/index.html\/eJOURNALS\/journal_IJEBEG\/arhieves\/2016_1-2\/PaulGNixon.pdf\">P.G Nixon<\/a><br><br>&#8220;THE STRATEGIC ROLE OF INFORMATION TECHNOLOGY IN E-GOVERNMENT: A CASE OF NEPAL&#8221;<br><a href=\"https:\/\/sobiad.org\/eJOURNALS\/journal_IJEBEG\/index.html\/eJOURNALS\/journal_IJEBEG\/arhieves\/2016_1-2\/GajendraSharma.pdf\">Gajendra Sharma and Manish Pokharel<\/a><br><br>INFLUENCE OF SELECTED DEMOGRAPHIC VARIABLES ON THE ADOPTION AND USE OF ELECTRONIC BUSINESS TECHNOLOGIES BY SMALL AND MEDIUM-SIZED RETAILERS<br><a href=\"https:\/\/sobiad.org\/eJOURNALS\/journal_IJEBEG\/index.html\/eJOURNALS\/journal_IJEBEG\/arhieves\/IJEBG2016_1\/Paper31_Kupangwa_Dubihlela.pdf\">W. Kupangwa -J. Dubihlela<\/a><br><br>INFORMATION TECHNOLOGY GOVERNANCE DISCLOSURE COMPLIANCE OF JSE-LISTED COMPANIES<br><a href=\"https:\/\/sobiad.org\/eJOURNALS\/journal_IJEBEG\/index.html\/wp-content\/uploads\/2020\/12\/Paper39_Marx_Moolman_Ngwenya.pdf\">A Marx-AM Moolman-M Ngwenya<\/a><br><br><strong>Vol 8, No 2, 2016<\/strong><br><strong>Content.<\/strong><br><br>&#8220;A SITUATION ANALYSIS FOR NORTHERN CYPRUS MUNICIPALITIES: KEY SUCCESS<br>FACTORS FOR EFFECTIVE PARTICIPATION&#8221;<br><a href=\"https:\/\/sobiad.org\/eJOURNALS\/journal_IJEBEG\/index.html\/eJOURNALS\/journal_IJEBEG\/arhieves\/2016_1-2\/TugberkKaya.pdf\">Tu\u011fberk Kaya, Tun\u00e7 Medeni, Mustafa Sa\u011fsan, \u0130. Tolga Medeni, Tuncer Asunakutlu<\/a><br><br>A COMPARATIVE STUDY OF INFORMATION-SEEKING BEHAVIOR AND DIGITAL INFORMATION NEEDS OF<br>FARMERS IN TURKEY AND SWEDEN<br><a href=\"https:\/\/sobiad.org\/eJOURNALS\/journal_IJEBEG\/index.html\/eJOURNALS\/journal_IJEBEG\/arhieves\/2016_1-2\/DemetSoylu.pdf\">Demet Soylu, Nilay Cevher, Marco Schirone, Tun\u00e7 Medeni<\/a><br><br>KING\u00a0III INFORMATION TECHNOLOGY GOVERNANCE REQUIREMENTS \u2013 AN INTERNATIONAL COMPARISON<br><a href=\"https:\/\/sobiad.org\/eJOURNALS\/journal_IJEBEG\/index.html\/eJOURNALS\/journal_IJEBEG\/arhieves\/IJEBG2016_1\/Moolman_Ngwenya.pdf\">A. M. Moolman -Melinda Ngwenya<\/a><br><br>Harnessing Science Technology and Innovation for\u00a0Enhancing\u00a0Marginal\u00a0Oil and\u00a0Gas\u00a0Field\u00a0Development in Nigeria: a\u00a0Comparative\u00a0Analysis<br><a href=\"https:\/\/sobiad.org\/eJOURNALS\/journal_IJEBEG\/index.html\/eJOURNALS\/journal_IJEBEG\/arhieves\/IJEBG2016_2\/Paper83_Akinwale.pdf\">Y.O. Akinwale<\/a><\/p>\n","protected":false},"excerpt":{"rendered":"<p>Our Archive contains the full text of all articles published in the International Journal of eBusiness and eGovernment Studies.All articles published in the IJEBEG are available as Portable Document Format (PDF) documents. Free Adobe Reader software is needed for reading [download] Vol 8, No 1, 2016Content &#8220;HUMAN(E)GOVERNMENT REVISITED&#8221;P.G Nixon &#8220;THE STRATEGIC ROLE OF INFORMATION TECHNOLOGY [&hellip;]<\/p>\n","protected":false},"author":3,"featured_media":0,"parent":0,"menu_order":0,"comment_status":"closed","ping_status":"closed","template":"","meta":{"footnotes":""},"class_list":["post-416","page","type-page","status-publish","hentry"],"_links":{"self":[{"href":"https:\/\/sobiad.org\/eJOURNALS\/journal_IJEBEG\/index.html\/wp-json\/wp\/v2\/pages\/416","targetHints":{"allow":["GET"]}}],"collection":[{"href":"https:\/\/sobiad.org\/eJOURNALS\/journal_IJEBEG\/index.html\/wp-json\/wp\/v2\/pages"}],"about":[{"href":"https:\/\/sobiad.org\/eJOURNALS\/journal_IJEBEG\/index.html\/wp-json\/wp\/v2\/types\/page"}],"author":[{"embeddable":true,"href":"https:\/\/sobiad.org\/eJOURNALS\/journal_IJEBEG\/index.html\/wp-json\/wp\/v2\/users\/3"}],"replies":[{"embeddable":true,"href":"https:\/\/sobiad.org\/eJOURNALS\/journal_IJEBEG\/index.html\/wp-json\/wp\/v2\/comments?post=416"}],"version-history":[{"count":2,"href":"https:\/\/sobiad.org\/eJOURNALS\/journal_IJEBEG\/index.html\/wp-json\/wp\/v2\/pages\/416\/revisions"}],"predecessor-version":[{"id":662,"href":"https:\/\/sobiad.org\/eJOURNALS\/journal_IJEBEG\/index.html\/wp-json\/wp\/v2\/pages\/416\/revisions\/662"}],"wp:attachment":[{"href":"https:\/\/sobiad.org\/eJOURNALS\/journal_IJEBEG\/index.html\/wp-json\/wp\/v2\/media?parent=416"}],"curies":[{"name":"wp","href":"https:\/\/api.w.org\/{rel}","templated":true}]}}