{"id":420,"date":"2020-10-27T20:03:28","date_gmt":"2020-10-27T20:03:28","guid":{"rendered":"https:\/\/sobiad.org\/eJOURNALS\/journal_IJEBEG\/index.html\/?page_id=420"},"modified":"2020-10-27T20:03:29","modified_gmt":"2020-10-27T20:03:29","slug":"ijebeg-vol-10-issue-1-2-2018","status":"publish","type":"page","link":"https:\/\/sobiad.org\/eJOURNALS\/journal_IJEBEG\/index.html\/ijebeg-vol-10-issue-1-2-2018\/","title":{"rendered":"IJEBEG, Vol 10, Issue 1-2, 2018"},"content":{"rendered":"\n<p>Our Archive contains the full text of all articles published in the International Journal of eBusiness and eGovernment Studies.<br>All articles published in the IJEBEG are available as Portable Document Format (PDF) documents. Free Adobe Reader software is needed for reading [<a href=\"http:\/\/www.adobe.com\/products\/acrobat\/readstep2.html\">download<\/a>]<\/p>\n\n\n\n<p><strong>Vol 10, No 1, 2018<\/strong><br><strong>Content<\/strong><br><br>RELATIONSHIP BETWEEN GENERATION Y STUDENTS\u2019 LINK SHARING MOTIVES AND WORD-OF-MOUTH COMMUNICATION ON FACEBOOK<br><a href=\"https:\/\/sobiad.org\/eJOURNALS\/journal_IJEBEG\/index.html\/eJOURNALS\/journal_IJEBEG\/arhieves\/IJEBEG_2018_1\/a-lian.pdf\">Ayesha Lian Bevan-Dye<\/a><br><br>INFLUENCE OF PERCEIVED EASE OF USE AND PERCEIVED RELATIVE ADVANTAGE ON GENERATION Y STUDENTS\u2019 ATTITUDES TOWARDS AND USAGE BEHAVIOUR OF MOBILE BANKING IN SOUTH AFRICA<br><a href=\"https:\/\/sobiad.org\/eJOURNALS\/journal_IJEBEG\/index.html\/eJOURNALS\/journal_IJEBEG\/arhieves\/IJEBEG_2018_1\/m-v-deventer.pdf\">Marko van Deventer &#8211; Natasha de Klerk &#8211; Ayesha Bevan-Dye<\/a><br><br>INFLUENCE OF INFORMATION TECHNOLOGY ON LOGISTICS INTEGRATION AND DELIVERY RELIABILITY OF SMALL AND MEDIUM ENTERPRISES IN GAUTENG PROVINCE<br><a href=\"https:\/\/sobiad.org\/eJOURNALS\/journal_IJEBEG\/index.html\/eJOURNALS\/journal_IJEBEG\/arhieves\/IJEBEG_2018_1\/o-omoruyi.pdf\">Osayuwamen Omoruyi<\/a><br><br>INHIBITORS OF THE ADOPTION OF E-COMMERCE BY SMMES IN TWO SOUTH AFRICAN CITIES<br><a href=\"https:\/\/sobiad.org\/eJOURNALS\/journal_IJEBEG\/index.html\/eJOURNALS\/journal_IJEBEG\/arhieves\/IJEBEG_2018_1\/p-ndayizigamiye.pdf\">Patrick Ndayizigamiye &#8211; Refiloe Gladys Khoase<\/a><br><br>A CONCEPTUAL MODEL FOR AN SSM APPROACH TOWARDS THE IMPROVEMENT OF THE INSTRUCTIONAL DESIGN OF A COMPUTER SCIENCE MODULE<br><a href=\"https:\/\/sobiad.org\/eJOURNALS\/journal_IJEBEG\/index.html\/eJOURNALS\/journal_IJEBEG\/arhieves\/IJEBEG_2018_1\/s-van.pdf\">Sun\u00e9 van der Linde &#8211; Malie Zeeman<\/a><br><br>RELATIONSHIP BETWEEN MOTIVATIONS OF USING FACEBOOK AND SELF-ESTEEM OF GIRNE AMERICAN UNIVERSITY\u2019S STUDENTS<br><a href=\"https:\/\/sobiad.org\/eJOURNALS\/journal_IJEBEG\/index.html\/eJOURNALS\/journal_IJEBEG\/arhieves\/IJEBEG_2018_1\/azedah.pdf\">Azadeh Ghafourian Alizadeh Tabrizi, Izlem Ali Kanl\u0131,&nbsp; Tun\u00e7 D. Medeni,<\/a><br><br>AN ALTERNATIVE MULTI-DIMENSIONAL REGIONAL ECONOMIC DEVELOPMENT INDEX: A PROVINCIAL APPLICATION IN SOUTH AFRICA<br><a href=\"https:\/\/sobiad.org\/eJOURNALS\/journal_IJEBEG\/index.html\/eJOURNALS\/journal_IJEBEG\/arhieves\/ijebeg_2018_1_ek\/d-f-meyer.pdf\">Daniel Francois Meyer &#8211; Jacques de Jongh<\/a><br><br>ROLE OF THE SOUTH AFRICAN LOCAL GOVERNMENT IN LOCAL ECONOMIC DEVELOPMENT<br><a href=\"https:\/\/sobiad.org\/eJOURNALS\/journal_IJEBEG\/index.html\/eJOURNALS\/journal_IJEBEG\/arhieves\/ijebeg_2018_1_ek\/k-mahamaite.pdf\">Kgalema Mashamaite &#8211; Mankolo Lethoko<\/a><br><br>AN EMPIRICAL ANALYSIS OF INFORMATION AND COMMUNICATION TECHNOLOGY (ICT) AND ECONOMIC GROWTH IN NIGERIA<br><a href=\"https:\/\/sobiad.org\/eJOURNALS\/journal_IJEBEG\/index.html\/eJOURNALS\/journal_IJEBEG\/arhieves\/ijebeg_2018_1_ek\/o-y-akinwale.pdf\">O Y Akinwale &#8211; A Sanusi &#8211; J Surujlal<\/a><br><br>VALIDATION OF CONTENT MANAGEMENT SYSTEMS: USERS EXPERIENCES<br><a href=\"https:\/\/sobiad.org\/eJOURNALS\/journal_IJEBEG\/index.html\/eJOURNALS\/journal_IJEBEG\/arhieves\/ijebeg_2018_1_ek\/p-m-khuonu.pdf\">Phumza Makgato Khunou &#8211; Sello Mokoena<\/a><br><br>IMPROVING MOBILE SERVICE DELIVERY WITHIN ILEMBE HEALTH DISTRICT: A BATHO PELE PERSPECTIVE<br><a href=\"https:\/\/sobiad.org\/eJOURNALS\/journal_IJEBEG\/index.html\/eJOURNALS\/journal_IJEBEG\/arhieves\/ijebeg_2018_1_ek\/r-shadeo.pdf\">R Shadeo &#8211; M Subban<\/a><br><br><strong>Vol 10, No 2, 2018<\/strong><br><strong>Content<\/strong><br><br>THE IMPACT OF SOCIAL MEDIA USAGE AND SELF-ESTEEM ON CONSPICUOUS CONSUMPTION: INSTAGRAM USER OF HIJABERS COMMUNITY BANDUNG MEMBER<br><a href=\"https:\/\/sobiad.org\/eJOURNALS\/journal_IJEBEG\/index.html\/eJOURNALS\/journal_IJEBEG\/arhieves\/IJEBEG_2018_2\/Bambang_Widjajanta.pdf\">Bambang Widjajanta-Syamsul Hadi Senen-&nbsp;<strong>Masharyono &#8211;&nbsp;<\/strong>Lisnawati -Claudita Putri Anggraeni<\/a><br><br>DETERMINING EMPLOYERS&#8217; ATTITUDES TOWARDS CREDIT CARD AND MONEY<br><a href=\"https:\/\/sobiad.org\/eJOURNALS\/journal_IJEBEG\/index.html\/eJOURNALS\/journal_IJEBEG\/arhieves\/IJEBEG_2018_2\/husna-dogan.pdf\">Husna DO\u011eAN, Mesut DO\u011eAN,&nbsp; A. Sel\u00e7uk K\u00d6YL\u00dcO\u011eLU,&nbsp; H. Serhat \u00c7ER\u00c7\u0130,<\/a><br><br>DETERMINANTS OF INTENTION TO USE GOVERNMENT WEB SITES IN KYRGYZ REPUBLIC<br><a href=\"https:\/\/sobiad.org\/eJOURNALS\/journal_IJEBEG\/index.html\/eJOURNALS\/journal_IJEBEG\/arhieves\/IJEBEG_2018_2\/Rita-ismailova.pdf\">Rita Ismailova&nbsp; &#8211; Gulshat Muhametjanova<\/a><br><br>THE FACTORS AFFECTING INFORMATION TECHNOLOGIES RISK MANAGEMENT AT TURKEY\u2019S STATE UNIVERSITIES<br><a href=\"https:\/\/sobiad.org\/eJOURNALS\/journal_IJEBEG\/index.html\/eJOURNALS\/journal_IJEBEG\/arhieves\/IJEBEG_2018_2\/vildan-ates.pdf\">Vildan ATE\u015e- Bilal G\u00dcNE\u015e<\/a><br><br>MAKERSPACE CHILDREN UNIVERSITY:&nbsp;A CURRICULUM DEVELOPMENT PROJECT PROPOSAL<br><a href=\"https:\/\/sobiad.org\/eJOURNALS\/journal_IJEBEG\/index.html\/eJOURNALS\/journal_IJEBEG\/arhieves\/IJEBEG_2018_2\/demet_soylu.pdf\">Demet Soylu &#8211;&nbsp; Tun\u00e7 Durmu\u015f Medeni<\/a><\/p>\n","protected":false},"excerpt":{"rendered":"<p>Our Archive contains the full text of all articles published in the International Journal of eBusiness and eGovernment Studies.All articles published in the IJEBEG are available as Portable Document Format (PDF) documents. Free Adobe Reader software is needed for reading [download] Vol 10, No 1, 2018Content RELATIONSHIP BETWEEN GENERATION Y STUDENTS\u2019 LINK SHARING MOTIVES AND [&hellip;]<\/p>\n","protected":false},"author":3,"featured_media":0,"parent":0,"menu_order":0,"comment_status":"closed","ping_status":"closed","template":"","meta":{"footnotes":""},"class_list":["post-420","page","type-page","status-publish","hentry"],"_links":{"self":[{"href":"https:\/\/sobiad.org\/eJOURNALS\/journal_IJEBEG\/index.html\/wp-json\/wp\/v2\/pages\/420","targetHints":{"allow":["GET"]}}],"collection":[{"href":"https:\/\/sobiad.org\/eJOURNALS\/journal_IJEBEG\/index.html\/wp-json\/wp\/v2\/pages"}],"about":[{"href":"https:\/\/sobiad.org\/eJOURNALS\/journal_IJEBEG\/index.html\/wp-json\/wp\/v2\/types\/page"}],"author":[{"embeddable":true,"href":"https:\/\/sobiad.org\/eJOURNALS\/journal_IJEBEG\/index.html\/wp-json\/wp\/v2\/users\/3"}],"replies":[{"embeddable":true,"href":"https:\/\/sobiad.org\/eJOURNALS\/journal_IJEBEG\/index.html\/wp-json\/wp\/v2\/comments?post=420"}],"version-history":[{"count":1,"href":"https:\/\/sobiad.org\/eJOURNALS\/journal_IJEBEG\/index.html\/wp-json\/wp\/v2\/pages\/420\/revisions"}],"predecessor-version":[{"id":421,"href":"https:\/\/sobiad.org\/eJOURNALS\/journal_IJEBEG\/index.html\/wp-json\/wp\/v2\/pages\/420\/revisions\/421"}],"wp:attachment":[{"href":"https:\/\/sobiad.org\/eJOURNALS\/journal_IJEBEG\/index.html\/wp-json\/wp\/v2\/media?parent=420"}],"curies":[{"name":"wp","href":"https:\/\/api.w.org\/{rel}","templated":true}]}}