{"id":422,"date":"2020-10-27T20:05:45","date_gmt":"2020-10-27T20:05:45","guid":{"rendered":"https:\/\/sobiad.org\/eJOURNALS\/journal_IJEBEG\/index.html\/?page_id=422"},"modified":"2020-12-21T14:03:45","modified_gmt":"2020-12-21T14:03:45","slug":"ijebeg-vol-11-issue-1-2-2019","status":"publish","type":"page","link":"https:\/\/sobiad.org\/eJOURNALS\/journal_IJEBEG\/index.html\/ijebeg-vol-11-issue-1-2-2019\/","title":{"rendered":"IJEBEG, Vol 11, Issue 1-2, 2019"},"content":{"rendered":"\n<p>Our Archive contains the full text of all articles published in the International Journal of eBusiness and eGovernment Studies.<br>All articles published in the IJEBEG are available as Portable Document Format (PDF) documents. Free Adobe Reader software is needed for reading [<a href=\"http:\/\/www.adobe.com\/products\/acrobat\/readstep2.html\">download<\/a>]<br><br><strong>Vol 11, No 1, 2019<\/strong><br><strong>Content<\/strong><br><br>CRITICAL CONSIDERATIONS FOR THE ROLE OF GOVERNMENTS IN THE INTERFACE BETWEEN GOOD GOVERNANCE AND SUSTAINABLE DEVELOPMENT IN DEVELOPING COUNTRIES<br><a href=\"https:\/\/sobiad.org\/eJOURNALS\/journal_IJEBEG\/index.html\/eJOURNALS\/journal_IJEBEG\/arhieves\/ijebeg_2019_1\/c-j-auriacombe.pdf\">Christelle J. Auriacombe &#8211;\u00a0Shikha Vyas Doorgapersad<\/a><br><br>INVESTIGATING THE KEY DRIVERS OF GOVERNMENT DEBT IN SOUTH AFRICA: A POST-APARTHEID ANALYSIS<br><a href=\"https:\/\/sobiad.org\/eJOURNALS\/journal_IJEBEG\/index.html\/eJOURNALS\/journal_IJEBEG\/arhieves\/ijebeg_2019_1\/l-mothibi.pdf\">Lerato Mothibi &#8211; Precious Mncayi<\/a><br><br>LAND REFORM AND SUSTAINABLE DEVELOPMENT &#8211;\u00a0A SOUTH AFRICAN PERSPECTIVE<br><a href=\"https:\/\/sobiad.org\/eJOURNALS\/journal_IJEBEG\/index.html\/eJOURNALS\/journal_IJEBEG\/arhieves\/ijebeg_2019_1\/l-muswaka.pdf\">L Muswaka<\/a><br><br>EDUCATION FOR SUSTAINABLE DEVELOPMENT \u2013 ECONOMICS STUDENTS\u2019 PERSPECTIVES AT AN INSTITUTION OF HIGHER LEARNING IN SOUTH AFRICA<br><a href=\"https:\/\/sobiad.org\/eJOURNALS\/journal_IJEBEG\/index.html\/eJOURNALS\/journal_IJEBEG\/arhieves\/ijebeg_2019_1\/m-k-kimanzi.pdf\">MK Kimanzi<\/a><br><br>AN INVESTIGATION ON THE CRYPTO CURRENCIES AND ITS FUTURE<br><a href=\"https:\/\/sobiad.org\/eJOURNALS\/journal_IJEBEG\/index.html\/eJOURNALS\/journal_IJEBEG\/arhieves\/ijebeg_2019-1-2_ek\/01selim_sanlisoy.pdf\">Selim \u015eANLISOY &#8211; Tu\u011fberk \u00c7\u0130LO\u011eLU<\/a><br><br><strong>Vol 11, No 2, 2019<\/strong><br><strong>Content<\/strong><br><br>ACHIEVING COMPETITIVE ADVANTAGE IN TECHNOLOGY BASED INDUSTRY: HOW DEVELOPING INTELLECTUAL CAPITAL MATTERS<br><a href=\"https:\/\/sobiad.org\/eJOURNALS\/journal_IJEBEG\/index.html\/eJOURNALS\/journal_IJEBEG\/arhieves\/ijebeg_2019-1-2_ek\/Abdirashid.pdf\">Abdirashid Ali Adle- \u00d6m\u00fcr Akdemir<\/a><br><br>AN INVESTIGATION INTO SUSTAINABLE SUPPLY CHAIN MANAGEMENT PRACTICES IN A DEVELOPING COUNTRY<br><a href=\"https:\/\/sobiad.org\/eJOURNALS\/journal_IJEBEG\/index.html\/eJOURNALS\/journal_IJEBEG\/arhieves\/ijebeg_2019-1-2_ek\/ismail-erol.pdf\">\u0130smail Erol &#8211; Meltem Nurtanis Velioglu<\/a><br><br>OCCUPATIONAL HEALTH AND WORK SAFETY SYSTEMS IN COMPLIANCE WITH INDUSTRY 4.0: RESEARCH DIRECTIONS\u00a0<br><a href=\"https:\/\/sobiad.org\/eJOURNALS\/journal_IJEBEG\/index.html\/eJOURNALS\/journal_IJEBEG\/arhieves\/ijebeg_2019-1-2_ek\/merve.pdf\">Merve Erol<\/a><br><br>WEBSITE USAGE IN DIGITAL PUBLIC RELATIONS \u2013 AN ANALYSIS OF IT COMPANIES IN TURKEY<br><a href=\"https:\/\/sobiad.org\/eJOURNALS\/journal_IJEBEG\/index.html\/wp-content\/uploads\/2020\/12\/murat-sez.pdf\">Murat SEZG\u0130N\u00a0 &#8211; Ali Burak CESUR<\/a><br><br>A COMPARATIVE ANALYSIS OF E-GOVERNMENT SERVICES OF CROTIA, POLAND AND TURKEY<br><a href=\"https:\/\/sobiad.org\/eJOURNALS\/journal_IJEBEG\/index.html\/eJOURNALS\/journal_IJEBEG\/arhieves\/ijebeg_2019-1-2_ek\/zafer-kilic.pdf\">Zafer KILI\u00c7 -Vildan ATE\u015e -Aleksandar ERCEG -Sebastian JABLONSKI<\/a><br><br>AGRICULTURAL PRODUCTION IN SOUTH AFRICA: INFORMATION AND COMMUNICATION TECHNOLOGY (ICT) SPILLOVER<br><a href=\"https:\/\/sobiad.org\/eJOURNALS\/journal_IJEBEG\/index.html\/eJOURNALS\/journal_IJEBEG\/arhieves\/ijebeg_2019-1-2_ek\/oladipo.pdf\">Oladipo Olalekan David\u00a0&#8211; Wynand Grobler<\/a><br><br>AN ASSESSMENT OF THE VALUE OF PMI AND MANUFACTURING SECTOR GROWTH IN PREDICTING OVERALL ECONOMIC OUTPUT (GDP) IN SOUTH AFRICA<br><a href=\"https:\/\/sobiad.org\/eJOURNALS\/journal_IJEBEG\/index.html\/eJOURNALS\/journal_IJEBEG\/arhieves\/ijebeg_2019-1-2_ek\/daniel.pdf\">Daniel Francois Meyer &#8211; Thomas Habanabakize<\/a><\/p>\n\n\n\n<p>E-COMMERCE IN TURKEY AND SAP INTEGRATED E-COMMERCE SYSTEM<br><a href=\"https:\/\/sobiad.org\/eJOURNALS\/journal_IJEBEG\/index.html\/eJOURNALS\/journal_IJEBEG\/arhieves\/ijebeg_2019-1-2_ek\/ahmet-kaya.pdf\">Ahmet Kaya &#8211;&nbsp; \u00d6mer Ayd\u0131n<\/a><\/p>\n","protected":false},"excerpt":{"rendered":"<p>Our Archive contains the full text of all articles published in the International Journal of eBusiness and eGovernment Studies.All articles published in the IJEBEG are available as Portable Document Format (PDF) documents. Free Adobe Reader software is needed for reading [download] Vol 11, No 1, 2019Content CRITICAL CONSIDERATIONS FOR THE ROLE OF GOVERNMENTS IN THE [&hellip;]<\/p>\n","protected":false},"author":3,"featured_media":0,"parent":0,"menu_order":0,"comment_status":"closed","ping_status":"closed","template":"","meta":{"footnotes":""},"class_list":["post-422","page","type-page","status-publish","hentry"],"_links":{"self":[{"href":"https:\/\/sobiad.org\/eJOURNALS\/journal_IJEBEG\/index.html\/wp-json\/wp\/v2\/pages\/422","targetHints":{"allow":["GET"]}}],"collection":[{"href":"https:\/\/sobiad.org\/eJOURNALS\/journal_IJEBEG\/index.html\/wp-json\/wp\/v2\/pages"}],"about":[{"href":"https:\/\/sobiad.org\/eJOURNALS\/journal_IJEBEG\/index.html\/wp-json\/wp\/v2\/types\/page"}],"author":[{"embeddable":true,"href":"https:\/\/sobiad.org\/eJOURNALS\/journal_IJEBEG\/index.html\/wp-json\/wp\/v2\/users\/3"}],"replies":[{"embeddable":true,"href":"https:\/\/sobiad.org\/eJOURNALS\/journal_IJEBEG\/index.html\/wp-json\/wp\/v2\/comments?post=422"}],"version-history":[{"count":2,"href":"https:\/\/sobiad.org\/eJOURNALS\/journal_IJEBEG\/index.html\/wp-json\/wp\/v2\/pages\/422\/revisions"}],"predecessor-version":[{"id":660,"href":"https:\/\/sobiad.org\/eJOURNALS\/journal_IJEBEG\/index.html\/wp-json\/wp\/v2\/pages\/422\/revisions\/660"}],"wp:attachment":[{"href":"https:\/\/sobiad.org\/eJOURNALS\/journal_IJEBEG\/index.html\/wp-json\/wp\/v2\/media?parent=422"}],"curies":[{"name":"wp","href":"https:\/\/api.w.org\/{rel}","templated":true}]}}