{"id":356,"date":"2020-10-27T17:11:22","date_gmt":"2020-10-27T17:11:22","guid":{"rendered":"https:\/\/sobiad.org\/eJOURNALS\/journal_IJEF\/index.html\/?page_id=356"},"modified":"2026-03-13T07:11:35","modified_gmt":"2026-03-13T07:11:35","slug":"ijefs-vol-2-issue-1-2-2010","status":"publish","type":"page","link":"https:\/\/sobiad.org\/eJOURNALS\/journal_IJEF\/index.html\/ijefs-vol-2-issue-1-2-2010\/","title":{"rendered":"IJEFS, Vol 2, Issue 1-2, 2010"},"content":{"rendered":"\n<p>Our Archive contains the full text of all articles published in the International Journal of Economics and Finance Studies.<br><br>All articles published in the IJEFS are available as Portable Document Format (PDF) documents. Free Adobe Reader software is needed for reading [<a href=\"http:\/\/www.adobe.com\/products\/acrobat\/readstep2.html\">download<\/a>]<br><br><strong>Vol 2, No 1 , 2010<\/strong><br><strong>Content<\/strong><br><br>Aslihan Bozcuk<br><em><a href=\"https:\/\/sobiad.org\/eJOURNALS\/journal_IJEF\/index.html\/eJOURNALS\/journal_IJEF\/archieves\/2010_1\/01aslihan_bozcuk1.pdf\">\u201cPrice Reaction to Corporate Governance Rating Announcements at the Istanbul Stock Exchange\u201d&nbsp;<\/a>&nbsp;<\/em><\/p>\n\n\n\n<p>Cem Berk<br><em><a href=\"https:\/\/sobiad.org\/eJOURNALS\/journal_IJEF\/index.html\/eJOURNALS\/journal_IJEF\/archieves\/2010_1\/02cem_berk.pdf\">\u201cA Critical Review on the Effect of Housing Industry to the Global Financial Crisis: The Case of Turkey\u201d\u00a0\u00a0\u00a0<\/a><\/em><br><br>Funda H. Sezgin<br><em>\u201c<a href=\"https:\/\/sobiad.org\/eJOURNALS\/journal_IJEF\/index.html\/eJOURNALS\/journal_IJEF\/archieves\/2010_1\/03funda_h_sezgin.pdf\">An Empirical Investigation of The Relationship among P\/E Ratio, Stock Return and Dividend Yields for Istanbul Stock Exchange\u201d\u00a0<\/a>\u00a0\u00a0\u00a0\u00a0\u00a0\u00a0\u00a0\u00a0\u00a0\u00a0\u00a0\u00a0\u00a0\u00a0\u00a0\u00a0\u00a0\u00a0\u00a0\u00a0\u00a0\u00a0\u00a0\u00a0\u00a0\u00a0\u00a0\u00a0\u00a0\u00a0\u00a0\u00a0\u00a0\u00a0\u00a0\u00a0\u00a0\u00a0\u00a0\u00a0\u00a0\u00a0\u00a0\u00a0\u00a0\u00a0\u00a0\u00a0\u00a0\u00a0\u00a0\u00a0\u00a0\u00a0\u00a0\u00a0\u00a0\u00a0\u00a0\u00a0\u00a0\u00a0\u00a0\u00a0 <\/em><br><br>Gandhi Pawitan<br><em><a href=\"https:\/\/sobiad.org\/eJOURNALS\/journal_IJEF\/index.html\/eJOURNALS\/journal_IJEF\/archieves\/2010_1\/04gandhi_pawitan.pdf\">\u201cSpatial Distribution of Poverty at Different Scales\u201d\u00a0<\/a><\/em><br><br>Gonul Icli<br><em><a href=\"https:\/\/sobiad.org\/eJOURNALS\/journal_IJEF\/index.html\/eJOURNALS\/journal_IJEF\/archieves\/2010_1\/05gonul_icli.pdf\">\u201cThe Point of View of Poor People Working in Informal Sector on Poverty\u201d\u00a0<\/a><\/em><br><br>Gulcan \u00c7agil\u00a0&amp; Melisa Erdilek Karabay<br><em><a href=\"https:\/\/sobiad.org\/eJOURNALS\/journal_IJEF\/index.html\/eJOURNALS\/journal_IJEF\/archieves\/2010_1\/06gulcan_cagil.pdf\">\u201cAn Implementation towards Evaluation of Financial Performance of Turkish Insurance Sector at Global Crisis Scale\u201d\u00a0<\/a><\/em><br><br>Gy\u00f6rgy Csom\u00f3s &amp; Erkan Polat<br><em><a href=\"https:\/\/sobiad.org\/eJOURNALS\/journal_IJEF\/index.html\/eJOURNALS\/journal_IJEF\/archieves\/2010_1\/07gyorgy_csomos.pdf\">\u201cSpatial Disparities in the North Great Plain Region (Hungary) and the Western Mediterranean Region (Turkey): Growing Regional Centre and its Periphery\u201d<\/a><\/em><br><br>Hakki Bilgen<br><em><a href=\"https:\/\/sobiad.org\/eJOURNALS\/journal_IJEF\/index.html\/eJOURNALS\/journal_IJEF\/archieves\/2010_1\/08hakki_bilgen.pdf\">\u201cCompetitiveness of Defense Industry in Turkey\u201d<\/a><\/em><br><br>Hanny Zurina Hamzah<br><em><a href=\"https:\/\/sobiad.org\/eJOURNALS\/journal_IJEF\/index.html\/eJOURNALS\/journal_IJEF\/archieves\/2010_1\/09hanny_zurina_hamzah.pdf\">\u201cRules of Origin and Automotive Sector in Japan\u2019s Economic Partnership Agreements\u201d\u00a0<\/a><\/em><br><br>Huseyin Kaya<br><em><a href=\"https:\/\/sobiad.org\/eJOURNALS\/journal_IJEF\/index.html\/eJOURNALS\/journal_IJEF\/archieves\/2010_1\/10huseyin_kaya.pdf\">\u201cTerm Structure of Interest Rate and Macroeconomic Variables: The Turkish Case\u201d\u00a0\u00a0<\/a><\/em><br><br>Kosta Josifidis &amp;Emilija Beker Pucar\u00a0&amp; Novica Supi\u0107<br><em><a href=\"https:\/\/sobiad.org\/eJOURNALS\/journal_IJEF\/index.html\/eJOURNALS\/journal_IJEF\/archieves\/2010_1\/12kosta_josifidis.pdf\">\u201cMonetary Transmission Channels in Flexible Monetary and Exchange Rate Regimes: The Case of Selected Transition Economies\u201d<\/a>\u00a0\u00a0\u00a0\u00a0\u00a0\u00a0\u00a0\u00a0\u00a0\u00a0\u00a0\u00a0\u00a0\u00a0\u00a0\u00a0\u00a0\u00a0\u00a0\u00a0\u00a0\u00a0\u00a0\u00a0\u00a0\u00a0\u00a0\u00a0\u00a0\u00a0\u00a0\u00a0\u00a0\u00a0\u00a0\u00a0\u00a0\u00a0\u00a0\u00a0\u00a0\u00a0\u00a0\u00a0\u00a0\u00a0\u00a0\u00a0\u00a0\u00a0\u00a0\u00a0\u00a0\u00a0\u00a0\u00a0\u00a0\u00a0\u00a0\u00a0\u00a0\u00a0\u00a0\u00a0\u00a0\u00a0\u00a0\u00a0\u00a0\u00a0\u00a0\u00a0\u00a0\u00a0\u00a0\u00a0\u00a0\u00a0\u00a0\u00a0\u00a0\u00a0\u00a0\u00a0\u00a0\u00a0\u00a0\u00a0\u00a0\u00a0\u00a0\u00a0\u00a0\u00a0\u00a0\u00a0\u00a0\u00a0\u00a0\u00a0\u00a0\u00a0\u00a0\u00a0\u00a0\u00a0\u00a0\u00a0\u00a0\u00a0\u00a0\u00a0\u00a0\u00a0\u00a0\u00a0 \u00a0\u00a0\u00a0\u00a0\u00a0\u00a0\u00a0\u00a0\u00a0\u00a0\u00a0\u00a0\u00a0\u00a0\u00a0\u00a0\u00a0\u00a0<\/em><br><br>Onur Ozsoy &amp; Egemen Ipek<br><em><a href=\"https:\/\/sobiad.org\/eJOURNALS\/journal_IJEF\/index.html\/eJOURNALS\/journal_IJEF\/archieves\/2010_1\/12kosta_josifidis.pdf\">\u201cThe Relationship between Defense Spending and Macroeconomic Variables\u201d\u00a0\u00a0<\/a><\/em><br><br>Osman Nuri Aras<br><em><a href=\"https:\/\/sobiad.org\/eJOURNALS\/journal_IJEF\/index.html\/eJOURNALS\/journal_IJEF\/archieves\/2010_1\/14osman_nuri_aras.pdf\">\u201cEffects of the Global Economic Crisis on Turkish Banking Sector\u201d\u00a0\u00a0<\/a><\/em><br><br>Sadullah Celik<br><em><a href=\"https:\/\/sobiad.org\/eJOURNALS\/journal_IJEF\/index.html\/eJOURNALS\/journal_IJEF\/archieves\/2010_1\/15sadullah_celik.pdf\">\u201cAn Unconventional Analysis of Consumer Confidence Index for the Turkish Economy\u201d\u00a0\u00a0<\/a><\/em><br><br>Seda Uzun &amp; Pinar Deniz<br><em><a href=\"https:\/\/sobiad.org\/eJOURNALS\/journal_IJEF\/index.html\/eJOURNALS\/journal_IJEF\/archieves\/2010_1\/16seda_uzun.pdf\">\u201cInformation Content of Consumer Sentiment in Turkey\u201d\u00a0<\/a><\/em><br><br>Ilhan Ege &amp; Ali Bayrakdaroglu<br><em><a href=\"https:\/\/sobiad.org\/eJOURNALS\/journal_IJEF\/index.html\/eJOURNALS\/journal_IJEF\/archieves\/2010_1\/17ilhan_ege.pdf\">\u201cFinancial Crises and Pressure Indices: Case of Turkey\u201d\u00a0\u00a0<\/a><\/em><br><br><strong>Vol 2, No 2 , 2010<\/strong><br><strong>Content<\/strong><br><br>Ayta\u00e7 Gokmen<br><em><a href=\"https:\/\/sobiad.org\/eJOURNALS\/journal_IJEF\/index.html\/eJOURNALS\/journal_IJEF\/archieves\/2010_2\/01aytac_gokmen.pdf\">\u201cGlobal Sourcing: A Theoretical Study on Turkey\u201d\u00a0\u00a0<\/a><\/em><br><br>Bugra Ozer &amp; Melih Ozcalik<br><em><a href=\"https:\/\/sobiad.org\/eJOURNALS\/journal_IJEF\/index.html\/eJOURNALS\/journal_IJEF\/archieves\/2010_2\/02bugra_ozer.pdf\">\u201cAn Analysis of Export Paradox: The Turkish Case in the Aftermath of April 5th 1994 Austerity Measures Package\u201d\u00a0\u00a0<\/a><\/em><br><br>Dilek Temiz &amp; Aytac Gokmen<br><em><a href=\"https:\/\/sobiad.org\/eJOURNALS\/journal_IJEF\/index.html\/eJOURNALS\/journal_IJEF\/archieves\/2010_2\/03dilek_temiz.pdf\">\u201cThe Importance of Renewable\u00a0 Energy Sources in Turkey\u201d\u00a0<\/a><\/em><\/p>\n\n\n\n<p>Eduardo V\u00edtor Rodrigues<br><em><a href=\"https:\/\/sobiad.org\/eJOURNALS\/journal_IJEF\/index.html\/eJOURNALS\/journal_IJEF\/archieves\/2010_2\/04eduardo_vitor_rodrigues.pdf\">\u201cScarce Ways: Processes of Social Production and Reproduction in the Minimum Income\u201d&nbsp;&nbsp;<\/a><\/em><br><br>Esra Pakin Albayrakoglu<br><em><a href=\"https:\/\/sobiad.org\/eJOURNALS\/journal_IJEF\/index.html\/eJOURNALS\/journal_IJEF\/archieves\/2010_2\/05esra_pakin_albayrakoglu.pdf\">\u201cGlobal Economic Factors on Gulf Labor Dynamics: Localization versus Immigration\u201d&nbsp;<\/a><\/em><br><br>Hasan Agan Karaduman&nbsp;&amp; Halil Emre Akbas &amp;&nbsp;Arzu Ozsozgun &amp; Salih Durer<br><em><a href=\"https:\/\/sobiad.org\/eJOURNALS\/journal_IJEF\/index.html\/eJOURNALS\/journal_IJEF\/archieves\/2010_2\/06hasan_agan_karaduman.pdf\">\u201cEffects of Working Capital Management on Profitability: The Case for Selected Companies in the Istanbul Stock Exchange (2005-2008)<\/a><\/em><br><br>l\u00e1szl\u00f3&nbsp;l\u0151k\u00f6s, Jr. &amp; Kl\u00e1ra&nbsp;l\u0151k\u00f6s&nbsp;t\u00f3th&nbsp;&amp;&nbsp;Bence Solt\u00e9sz<br><em><a href=\"https:\/\/sobiad.org\/eJOURNALS\/journal_IJEF\/index.html\/eJOURNALS\/journal_IJEF\/archieves\/2010_2\/07laszlo_lokos.pdf\">\u201cThe Analysis of the EU Member States\u2019 Competitiveness Based on Statistical Methods\u201d&nbsp;&nbsp;<\/a><\/em><br><br>Leila Sujeta &amp; Valentinas Navickas<br><em><a href=\"https:\/\/sobiad.org\/eJOURNALS\/journal_IJEF\/index.html\/eJOURNALS\/journal_IJEF\/archieves\/2010_2\/08leila_sujeta.pdf\">\u201cThe Evaluation of Logistics Systems\u2018 Competitiveness in the Context of Global Economy\u201c&nbsp;<\/a><\/em><br><br>M. Koray \u00c7etin&nbsp;&amp;&nbsp;Emre Ipekci Cetin&nbsp;&nbsp;&nbsp;&nbsp;&nbsp;&nbsp;&nbsp;&nbsp;&nbsp;&nbsp;&nbsp;&nbsp;&nbsp;&nbsp;&nbsp;&nbsp;&nbsp;&nbsp;&nbsp;&nbsp;&nbsp;&nbsp;&nbsp;&nbsp;&nbsp;&nbsp;&nbsp;&nbsp;&nbsp;&nbsp;&nbsp;&nbsp;&nbsp;&nbsp;&nbsp;&nbsp;&nbsp;&nbsp;&nbsp;&nbsp;&nbsp;&nbsp;&nbsp;&nbsp;&nbsp;&nbsp;&nbsp;&nbsp;&nbsp;&nbsp;&nbsp;&nbsp;&nbsp;&nbsp;&nbsp;&nbsp;&nbsp;&nbsp;&nbsp;&nbsp;&nbsp;&nbsp;&nbsp;&nbsp;&nbsp;&nbsp;&nbsp;&nbsp;&nbsp;&nbsp;&nbsp;&nbsp;&nbsp;&nbsp;&nbsp;&nbsp;&nbsp;&nbsp;&nbsp;&nbsp;&nbsp;&nbsp;&nbsp;&nbsp;&nbsp;&nbsp;&nbsp;&nbsp; &nbsp;&nbsp;&nbsp;&nbsp;&nbsp;<br><em><a href=\"https:\/\/sobiad.org\/eJOURNALS\/journal_IJEF\/index.html\/eJOURNALS\/journal_IJEF\/archieves\/2010_2\/09m_koray_cetin.pdf\">\u201cMulti-Criteria Analysis of Banks\u2019 Performances\u201d&nbsp;<\/a><\/em><br><br>Mohammad Karimi &amp; Ali Cheshomi &amp; Behzad Hassannezhad Kashani<br><em><a href=\"https:\/\/sobiad.org\/eJOURNALS\/journal_IJEF\/index.html\/eJOURNALS\/journal_IJEF\/archieves\/2010_2\/10mohammad_karimi.pdf\">\u201cThe Privatization Effects on Iran Insurance Industry\u201d&nbsp;<\/a><\/em><br><br>Turan Yay<br><em><a href=\"https:\/\/sobiad.org\/eJOURNALS\/journal_IJEF\/index.html\/eJOURNALS\/journal_IJEF\/archieves\/2010_2\/11turan_yay.pdf\">\u201cThe Role of the State in Adam Smith\u2019s Thought System and Modern Public Finance Theory: A Comparative Evaluation\u201d<\/a>&nbsp;&nbsp;&nbsp;&nbsp;&nbsp;&nbsp;&nbsp;&nbsp;&nbsp;&nbsp;&nbsp;&nbsp;&nbsp;&nbsp;&nbsp;&nbsp;&nbsp;&nbsp;&nbsp;&nbsp;&nbsp;&nbsp;&nbsp;&nbsp;&nbsp;&nbsp;&nbsp;&nbsp;&nbsp;&nbsp;&nbsp;&nbsp;&nbsp;&nbsp;&nbsp;&nbsp;&nbsp;&nbsp;&nbsp;&nbsp;&nbsp;&nbsp;&nbsp;&nbsp;&nbsp;&nbsp;&nbsp;&nbsp;&nbsp;&nbsp;&nbsp;&nbsp;&nbsp;&nbsp;&nbsp;&nbsp;&nbsp;&nbsp;&nbsp;&nbsp;&nbsp;&nbsp;&nbsp;&nbsp;&nbsp;&nbsp;&nbsp;&nbsp;&nbsp;&nbsp;&nbsp;&nbsp;&nbsp;&nbsp;&nbsp;&nbsp;&nbsp;&nbsp;&nbsp;&nbsp;&nbsp;&nbsp;&nbsp;&nbsp;&nbsp;&nbsp;&nbsp;&nbsp;&nbsp;&nbsp;&nbsp;&nbsp;&nbsp;&nbsp;&nbsp;&nbsp;&nbsp;&nbsp;&nbsp;&nbsp;&nbsp;&nbsp;&nbsp;&nbsp;&nbsp;&nbsp;&nbsp;&nbsp;&nbsp;&nbsp;&nbsp;&nbsp;&nbsp;&nbsp;&nbsp;&nbsp;&nbsp;&nbsp;&nbsp;&nbsp;&nbsp;&nbsp;&nbsp;&nbsp;&nbsp;&nbsp;&nbsp;&nbsp;&nbsp;&nbsp;&nbsp;&nbsp;&nbsp;&nbsp;&nbsp;&nbsp;&nbsp;&nbsp;&nbsp;&nbsp;&nbsp;&nbsp;&nbsp;&nbsp;&nbsp;&nbsp;&nbsp;<\/em><br><br>Upinder Sawhney<br><em><a href=\"https:\/\/sobiad.org\/eJOURNALS\/journal_IJEF\/index.html\/eJOURNALS\/journal_IJEF\/archieves\/2010_2\/12upinder_sawhney.pdf\">\u201cGrowth and Structural Change in SAARC Economies\u201d<\/a><\/em><br><br>Zeynep Copur &amp; Michael S. Gutter &amp; Sibel Erkal<br><em><a href=\"https:\/\/sobiad.org\/eJOURNALS\/journal_IJEF\/index.html\/eJOURNALS\/journal_IJEF\/archieves\/2010_2\/13zeynep_copur.pdf\">\u201cExploring Saving Behavior of Turkish Families in Ankara\/Turkey\u201d&nbsp;<\/a><\/em><\/p>\n","protected":false},"excerpt":{"rendered":"<p>Our Archive contains the full text of all articles published in the International Journal of Economics and Finance Studies. All articles published in the IJEFS are available as Portable Document Format (PDF) documents. Free Adobe Reader software is needed for reading [download] Vol 2, No 1 , 2010Content Aslihan Bozcuk\u201cPrice Reaction to Corporate Governance Rating [&hellip;]<\/p>\n","protected":false},"author":2,"featured_media":0,"parent":0,"menu_order":0,"comment_status":"closed","ping_status":"closed","template":"","meta":{"footnotes":""},"class_list":["post-356","page","type-page","status-publish","hentry"],"_links":{"self":[{"href":"https:\/\/sobiad.org\/eJOURNALS\/journal_IJEF\/index.html\/wp-json\/wp\/v2\/pages\/356","targetHints":{"allow":["GET"]}}],"collection":[{"href":"https:\/\/sobiad.org\/eJOURNALS\/journal_IJEF\/index.html\/wp-json\/wp\/v2\/pages"}],"about":[{"href":"https:\/\/sobiad.org\/eJOURNALS\/journal_IJEF\/index.html\/wp-json\/wp\/v2\/types\/page"}],"author":[{"embeddable":true,"href":"https:\/\/sobiad.org\/eJOURNALS\/journal_IJEF\/index.html\/wp-json\/wp\/v2\/users\/2"}],"replies":[{"embeddable":true,"href":"https:\/\/sobiad.org\/eJOURNALS\/journal_IJEF\/index.html\/wp-json\/wp\/v2\/comments?post=356"}],"version-history":[{"count":1,"href":"https:\/\/sobiad.org\/eJOURNALS\/journal_IJEF\/index.html\/wp-json\/wp\/v2\/pages\/356\/revisions"}],"predecessor-version":[{"id":922,"href":"https:\/\/sobiad.org\/eJOURNALS\/journal_IJEF\/index.html\/wp-json\/wp\/v2\/pages\/356\/revisions\/922"}],"wp:attachment":[{"href":"https:\/\/sobiad.org\/eJOURNALS\/journal_IJEF\/index.html\/wp-json\/wp\/v2\/media?parent=356"}],"curies":[{"name":"wp","href":"https:\/\/api.w.org\/{rel}","templated":true}]}}