{"id":359,"date":"2020-10-27T17:33:56","date_gmt":"2020-10-27T17:33:56","guid":{"rendered":"https:\/\/sobiad.org\/eJOURNALS\/journal_IJEF\/index.html\/?page_id=359"},"modified":"2026-03-13T07:12:30","modified_gmt":"2026-03-13T07:12:30","slug":"ijefs-vol-5-issue-1-2-2013","status":"publish","type":"page","link":"https:\/\/sobiad.org\/eJOURNALS\/journal_IJEF\/index.html\/ijefs-vol-5-issue-1-2-2013\/","title":{"rendered":"IJEFS, Vol 5, Issue 1-2, 2013"},"content":{"rendered":"\n<p>Our Archive contains the full text of all articles published in the International Journal of Economics and Finance Studies.<br>All articles published in the IJEFS are available as Portable Document Format (PDF) documents. Free Adobe Reader software is needed for reading [<a href=\"http:\/\/www.adobe.com\/products\/acrobat\/readstep2.html\">download<\/a>]<br><br><strong>Vol 5, No 1 , 2013<\/strong><br><strong>Content<\/strong><br><br>MAPPING THE RELATIONSHIP BETWEEN REPUTATION AND CORPORATE SOCIAL RESPONSIBILITY IN THE BANKING SECTOR: A COMPREHENSIVE LITERATURE REVIEW<br><a href=\"https:\/\/sobiad.org\/eJOURNALS\/journal_IJEF\/index.html\/eJOURNALS\/journal_IJEF\/archieves\/2013_1\/Annarita-Trotta.pdf\">Annarita Trotta- Giusy Cavallaro- Rosella Car\u00e8<\/a><br><br>NEURON OPTIMIZATION OF EVOLUTIONARY ARTIFICIAL NEURAL NETWORKS FOR STOCK PRICE INDEX PREDICTION<br><a href=\"https:\/\/sobiad.org\/eJOURNALS\/journal_IJEF\/index.html\/eJOURNALS\/journal_IJEF\/archieves\/2013_1\/Asil-alkaya.pdf\">Asil ALKAYA<\/a><br><br>THE COMPARISON OF CAPITAL STRUCTURE DETERMINANTS BETWEEN SMALL AND MEDIUM ENTERPRISES (SMEs) AND LARGE FIRMS IN MALAYSIA<br><a href=\"https:\/\/sobiad.org\/eJOURNALS\/journal_IJEF\/index.html\/eJOURNALS\/journal_IJEF\/archieves\/2013_1\/Asmawi-Noor.pdf\">Asmawi Noor Saarani- Faridah Shahadan<\/a><br><br>THE EFFECTIVENESS\u00a0 OF COMPETITION LAW IN PROMOTING ECONOMIC DEVELOPMENT<br><a href=\"https:\/\/sobiad.org\/eJOURNALS\/journal_IJEF\/index.html\/eJOURNALS\/journal_IJEF\/archieves\/2013_1\/Bineswaree-Bolaky.pdf\">Bineswaree Bolaky<\/a><br><br>MULTIFRACTAL BEHAVIOUR IN NATURAL GAS PRICES BY USING MF-DFA AND WTMM METHODS<br><a href=\"https:\/\/sobiad.org\/eJOURNALS\/journal_IJEF\/index.html\/eJOURNALS\/journal_IJEF\/archieves\/2013_1\/Cumhur-tas.pdf\">Cumhur TA\u015e- Gazanfer \u00dcnal<\/a><br><br>MOMENTUM AND LIQUIDITY ON THE JOHANNESBURG STOCK EXCHANGE<br><a href=\"https:\/\/sobiad.org\/eJOURNALS\/journal_IJEF\/index.html\/eJOURNALS\/journal_IJEF\/archieves\/2013_1\/Daniel-Page.pdf\">Daniel Page-James Britten- Christo J Auret<\/a><br><br>THE INCREASING TREND\u00a0OF MEDICAL TOURIST\u00a0FROM NORTH SUMATERA\u00a0TO MALAYSIA: ANALYSIS\u00a0ON SOCIO-ECONOMIC FACTORS<br><a href=\"https:\/\/sobiad.org\/eJOURNALS\/journal_IJEF\/index.html\/eJOURNALS\/journal_IJEF\/archieves\/2013_1\/DestanulAulia.pdf\">DestanulAulia- Sri FajarAyu<\/a><br><br>ECONOMIC GROWTH AND ENVIRONMENTAL QUALITY IN TURKEY: ARE THEY OPPOSITE CONCEPTS?<br><a href=\"https:\/\/sobiad.org\/eJOURNALS\/journal_IJEF\/index.html\/eJOURNALS\/journal_IJEF\/archieves\/2013_1\/E.Yasemin-Bozda.pdf\">E.Yasemin Bozda\u011fl\u0131o\u011flu- Mesut \u00c7ak\u0131r<\/a><br><br>MULTIFRACTAL ANALYSIS OF THE DYNAMICS OF TURKISH EXCHANGE RATE<br><a href=\"https:\/\/sobiad.org\/eJOURNALS\/journal_IJEF\/index.html\/eJOURNALS\/journal_IJEF\/archieves\/2013_1\/Ezgi-gulbas.pdf\">Ezgi G\u00fclba\u015f- Gazanfer \u00dcnal<\/a><br><br>MULTIFRACTAL BEHAVIOUR IN GOLD PRICES BY USING MF-DFA AND WTMM METHODS<br><a href=\"https:\/\/sobiad.org\/eJOURNALS\/journal_IJEF\/index.html\/eJOURNALS\/journal_IJEF\/archieves\/2013_1\/Feleknaz-Dilek.pdf\">Feleknaz Dilek Terzi- Gazanfer \u00dcnal<\/a><br><br>EFFECT OF GOLD PRICE VOLATILITY ON STOCK RETURNS: EXAMPLE OF TURKEY<br><a href=\"https:\/\/sobiad.org\/eJOURNALS\/journal_IJEF\/index.html\/eJOURNALS\/journal_IJEF\/archieves\/2013_1\/filiz_yildiz.pdf\">Filiz YILDIZ CONTUK-\u00a0H\u00fcmeyra BURUCU-\u00a0Bener G\u00dcNG\u00d6R<\/a><br><br>CALENDAR ANOMALIES AT BORSA ISTANBUL<br><a href=\"https:\/\/sobiad.org\/eJOURNALS\/journal_IJEF\/index.html\/eJOURNALS\/journal_IJEF\/archieves\/2013_1\/G.Cenk-akkaya.pdf\">G. Cenk AKKAYA-Aysegul CIMEN<\/a><br><br>THE USAGE OF\u00a0MULTIPLE-CRITERIA DECISION MAKING TECHNIQUES ON PROFITABILITY\u00a0AND EFFICIENCY:\u00a0 AN APPLICATION OF PROMETHEE<br><a href=\"https:\/\/sobiad.org\/eJOURNALS\/journal_IJEF\/index.html\/eJOURNALS\/journal_IJEF\/archieves\/2013_1\/G.Cenk-akkaya1.pdf\">G.Cenk AKKAYA- Ceren UZAR<\/a><br><br>EXCHANGE RATE PASS-THROUGH INTO IMPORT PRICES: EVIDENCE FROM CENTRAL ASIA<br><a href=\"https:\/\/sobiad.org\/eJOURNALS\/journal_IJEF\/index.html\/eJOURNALS\/journal_IJEF\/archieves\/2013_1\/Gulnara-Moldasheva.pdf\">Gulnara Moldasheva<\/a><br><br>ARE INVESTORS MORE HOMO SAPIENS RATHER THAN HOMO ECONOMICUS: A BEHAVIORIST APPROACH TO FINANCIAL CRISIS<br><a href=\"https:\/\/sobiad.org\/eJOURNALS\/journal_IJEF\/index.html\/eJOURNALS\/journal_IJEF\/archieves\/2013_1\/Gungor-Turan.pdf\">G\u00fcng\u00f6r Turan- Pranvera Latifi<\/a><br><br>SOCIO-ECONOMIC EFFECTS of SODES PROJECTS: THE CASE of HAKKAR\u0130<br><a href=\"https:\/\/sobiad.org\/eJOURNALS\/journal_IJEF\/index.html\/eJOURNALS\/journal_IJEF\/archieves\/2013_1\/Haluk-yergin.pdf\">Haluk YERG\u0130N- Abdullah EROL- Mehmet MERCAN<\/a><br><br>STATE REGULATION OF EXPORT GRAIN PRODUCTION IN KAZAKHSTAN<br><a href=\"https:\/\/sobiad.org\/eJOURNALS\/journal_IJEF\/index.html\/eJOURNALS\/journal_IJEF\/archieves\/2013_1\/ilkhom_umarov.pdf\">Ilkhom Umarov<\/a><br><br>PRIVATE EQUITY INVESTMENTS IN HUNGARY AND THE FINANCIAL CRISIS<br><a href=\"https:\/\/sobiad.org\/eJOURNALS\/journal_IJEF\/index.html\/eJOURNALS\/journal_IJEF\/archieves\/2013_1\/Jeno-Konecsny.pdf\">Jeno Konecsny- Jozsef Csernak<\/a><br><br>MULTIFRACTAL BEHAVIOUR IN OIL PRICES BY USING MF-DFA AND WTMM METHODS<br><a href=\"https:\/\/sobiad.org\/eJOURNALS\/journal_IJEF\/index.html\/eJOURNALS\/journal_IJEF\/archieves\/2013_1\/Kemal-Ayten.pdf\">Kemal Ayten- Gazanfer \u00dcnal<\/a><br><br>EFFECT OF FOREIGN DIRECT INVESTMENTS ON ECONOMIC GROWTH: AN EMPIRICAL ANALYSIS<br><a href=\"https:\/\/sobiad.org\/eJOURNALS\/journal_IJEF\/index.html\/eJOURNALS\/journal_IJEF\/archieves\/2013_1\/Mehmet-mercan.pdf\">Mehmet MERCAN- Haluk YERG\u0130N<\/a><br><br>THE PLACE OF THE AGRICULTURAL SECTOR AMONG THE PRIMARY SECTORS OF TURKISH ECONOMY-WITH \u0130NPUT-OUTPUT APPROACH-<br><a href=\"https:\/\/sobiad.org\/eJOURNALS\/journal_IJEF\/index.html\/eJOURNALS\/journal_IJEF\/archieves\/2013_1\/Mesut-cakir.pdf\">Mesut \u00c7AKIR- Yasemin E BOZDA\u011eLIO\u011eLU<\/a><\/p>\n\n\n\n<p>LIVELIHOOD STRATEGIES AND FORMATION OF ECONOMIC AND SOCIAL STRATIFICATION: EXPERIENCE FROM MALAYSIA<br><a href=\"https:\/\/sobiad.org\/eJOURNALS\/journal_IJEF\/index.html\/eJOURNALS\/journal_IJEF\/archieves\/2013_1\/Mohamad-Suhaidi.pdf\">Mohamad Suhaidi Salleh-Nita Edama<\/a><br><br>STOCK RETURN AND INFLATION IN KAZAKHSTAN, RUSSIA AND UKRAINE<br><a href=\"https:\/\/sobiad.org\/eJOURNALS\/journal_IJEF\/index.html\/eJOURNALS\/journal_IJEF\/archieves\/2013_1\/Razzaque-Bhatti.pdf\">Razzaque H Bhatti- Olga Pak<\/a><br><br>TESTING TECHNICAL AND SCALE EFFICIENCY OF KAZAKH BANKS: EVIDENCE BASED ON DATA ENVELOPMENT ANALYSIS<br><a href=\"https:\/\/sobiad.org\/eJOURNALS\/journal_IJEF\/index.html\/eJOURNALS\/journal_IJEF\/archieves\/2013_1\/Razzaque-Bhatti1.pdf\">Razzaque H Bhatti<\/a><br><br>THE IMPACT OF THE NUMBER OF SERVICED REGIONAL MARKETS IN REDUCING THE PERCEPTION OF BARRIERS TO EXPORT: THE CASE OF CHINESE MANUFACTURING SMES<br><a href=\"https:\/\/sobiad.org\/eJOURNALS\/journal_IJEF\/index.html\/eJOURNALS\/journal_IJEF\/archieves\/2013_1\/Robin-Stuart.pdf\">Robin Stuart Bell<\/a><br><br>EXPLORING THE RELATIONSHIP BETWEEN CDS AND RATING ANNOUNCEMENTS: A LITERATURE REVIEW AND FUTURE RESEARCH DIRECTIONS<br><a href=\"https:\/\/sobiad.org\/eJOURNALS\/journal_IJEF\/index.html\/eJOURNALS\/journal_IJEF\/archieves\/2013_1\/Rosella-Care.pdf\">Rosella Car\u00e8-Annarita Trotta- Giusy Cavallaro<\/a><br><br>INDUSTRIAL POLICY: PROBLEMS AND TASK IN GAS AND OIL SECTOR OF NATIONAL ECONOMY<br><a href=\"https:\/\/sobiad.org\/eJOURNALS\/journal_IJEF\/index.html\/eJOURNALS\/journal_IJEF\/archieves\/2013_1\/Saltanat_Massakova.pdf\">Saltanat Massakova &#8211; Ainur Abdrazakova<\/a><br><br>NOTHING VENTURED NOTHING GAINED:\u00a0 GENDER DIFFERENCES IN FINANCIAL RISK BEHAVIOR AMONG TURKISH UNIVERSITY STUDENTS<br><a href=\"https:\/\/sobiad.org\/eJOURNALS\/journal_IJEF\/index.html\/eJOURNALS\/journal_IJEF\/archieves\/2013_1\/serkan_cankaya.pdf\">Serkan \u00c7ankaya- Meltem Ucal- Mary Lou O\u2019Neil<\/a><br><br>ECONOMIC QUESTIONS OF AIR ASSET VALUATION: A METHODOLOGICAL APPROACH<br><a href=\"https:\/\/sobiad.org\/eJOURNALS\/journal_IJEF\/index.html\/eJOURNALS\/journal_IJEF\/archieves\/2013_1\/Singh-Mahesh.pdf\">Singh Mahesh Kumar- Judit Villanyi-Maria Fekete-Farkas- Istvan Szucs<\/a><br><br>THE IMPACT OF DISTANCE IN RELIGION BETWEEN COUNTRIES ON FOREIGN DIRECT INVESTMENT FLOWS FROM THE EUROPEAN UNION (EU) DIRECTED TO TURKEY AND POLAND<br><a href=\"https:\/\/sobiad.org\/eJOURNALS\/journal_IJEF\/index.html\/eJOURNALS\/journal_IJEF\/archieves\/2013_1\/T.Mesut-Eren.pdf\">T. Mesut Eren<\/a><br><br>ANGEL FINANCING\u00a0IN EARLY STAGES OF COMPANY DEVELOPMENT<br><a href=\"https:\/\/sobiad.org\/eJOURNALS\/journal_IJEF\/index.html\/eJOURNALS\/journal_IJEF\/archieves\/2013_1\/Yilmaz-BAYAR.pdf\">Y\u0131lmaz BAYAR<\/a><br><br><strong>Vol 5, No 2 , 2013<\/strong><br><strong>Content<\/strong><br><br>FINANCIAL PERFORMANCE TEST OF PUBLIC BANKS IN TURKEY: AN APPLICATION OF PROMETHEE<br><a href=\"https:\/\/sobiad.org\/eJOURNALS\/journal_IJEF\/index.html\/eJOURNALS\/journal_IJEF\/archieves\/2013_2\/ceren_uzar.pdf\">Ceren UZAR<\/a><br><br>TESTING OF BIST AND TURKDEX: RANDOM WALK AND MARKET EFFICIENCY<br><a href=\"https:\/\/sobiad.org\/eJOURNALS\/journal_IJEF\/index.html\/eJOURNALS\/journal_IJEF\/archieves\/2013_2\/Gizay-DAVER.pdf\">Gizay DAVER-Merve KARACAER-H\u00fclya \u00dcNL\u00dc<\/a><br><br>INFLATION AND STOCK PRICES INTERACTIONS IN SOUTH AFRICA: VAR ANALYSIS<br><a href=\"https:\/\/sobiad.org\/eJOURNALS\/journal_IJEF\/index.html\/eJOURNALS\/journal_IJEF\/archieves\/2013_2\/John-Khumalo.pdf\">John Khumalo<\/a><br><br>THE DETERMINANTS OF SECTORAL INWARD FDI PERFORMANCE INDEX IN OECD COUNTRIES<br><a href=\"https:\/\/sobiad.org\/eJOURNALS\/journal_IJEF\/index.html\/eJOURNALS\/journal_IJEF\/archieves\/2013_2\/Lena-Male.pdf\">Lena Male\u0161evi\u0107 Perovi\u0107-Silvia Golem<\/a><br><br>VARIANTS OF THE CUTTING STOCK PROBLEM AND THE SOLUTION METHODS<br><a href=\"https:\/\/sobiad.org\/eJOURNALS\/journal_IJEF\/index.html\/eJOURNALS\/journal_IJEF\/archieves\/2013_2\/M.Malik.pdf\">M. M. Malik-J. H. Taplin -M. Qiu<\/a><br><br>VIETNAM AND FOREIGN DIRECT INVESTMENT: POTENTIALS AND CHALLENGES ON THE LABOR MARKET<br><a href=\"https:\/\/sobiad.org\/eJOURNALS\/journal_IJEF\/index.html\/eJOURNALS\/journal_IJEF\/archieves\/2013_2\/Nathalie-Homlong.pdf\">Nathalie Homlong-Elisabeth Springler<\/a><br><br>WHO\u2019S IN CRISIS? A COMPARATIVE ANALYSIS BETWEEN G20 COUNTRIES<br><a href=\"https:\/\/sobiad.org\/eJOURNALS\/journal_IJEF\/index.html\/eJOURNALS\/journal_IJEF\/archieves\/2013_2\/Nuray-Tezcan.pdf\">Nuray Tezcan-Ferimah Y\u0131lmaz<\/a><br><br>AN HISTORICAL CREATIVE CLUSTER: BABIALI &#8211; ISTANBUL<br><a href=\"https:\/\/sobiad.org\/eJOURNALS\/journal_IJEF\/index.html\/eJOURNALS\/journal_IJEF\/archieves\/2013_2\/Pinar-Hansoy.pdf\">P\u0131nar Hansoy-Nuran Zeren G\u00fclersoy<\/a><br><br>THE IMPACT OF TAXATION AND AGGLOMERATION ECONOMIES ON FDI<br><a href=\"https:\/\/sobiad.org\/eJOURNALS\/journal_IJEF\/index.html\/eJOURNALS\/journal_IJEF\/archieves\/2013_2\/Silvia-Golem.pdf\">Silvia Golem-Ivo Bakota<\/a><br><br>A STUDY OF THE REVEALED COMPARATIVE ADVANTAGE IN THE TEXTILE AND CLOTHING\u00a0INDUSTRIES\u00a0BETWEEN\u00a0IRAN AND TURKEY<br><a href=\"https:\/\/sobiad.org\/eJOURNALS\/journal_IJEF\/index.html\/eJOURNALS\/journal_IJEF\/archieves\/2013_2\/Ahmad_Assad_abdolreza.pdf\">Ahmad\u00a0Assadzadeh &#8211; Davood Behbudi &#8211; Neda Faghani Miyarkolaie &#8211; Hamid\u00a0Mahmoudi Moghadam<\/a><br><br>HEDONIC PRICES AND ENVIRONMENTAL CLASSIFICATION OF ECONOMIC VALUES OF SELECTED AREAS OF TABRIZ<br><a href=\"https:\/\/sobiad.org\/eJOURNALS\/journal_IJEF\/index.html\/eJOURNALS\/journal_IJEF\/archieves\/2013_2\/Ali-Mohammad.pdf\">Ali Mohammad Khorshiddoust<\/a><br><br>PRIVATISATION: THE NEW ZEALAND EXPERIMENT OF THE 1980\u2019S.HOW DID RETAIL INVESTORS FARE<br><a href=\"https:\/\/sobiad.org\/eJOURNALS\/journal_IJEF\/index.html\/eJOURNALS\/journal_IJEF\/archieves\/2013_2\/Andrew-Cardow.pdf\">Andrew Cardow &#8211; William Wilson<\/a><br><br>AN ANALYSIS ON BORROWING FORMS OF FAMILIES ACCORDING TO LIFE CYCLES<br><a href=\"https:\/\/sobiad.org\/eJOURNALS\/journal_IJEF\/index.html\/eJOURNALS\/journal_IJEF\/archieves\/2013_2\/ates_bayazit.pdf\">Ate\u015f Bayazit Hayta<\/a><br><br>KNOWLEDGE ECONOMY AND REGIONAL DEVELOPMENT IN MIDDLE EAST COUNTRIES<br><a href=\"https:\/\/sobiad.org\/eJOURNALS\/journal_IJEF\/index.html\/eJOURNALS\/journal_IJEF\/archieves\/2013_2\/Davood_Behboudi_ahmad.pdf\">Davood Behboudi &#8211; Ahmad Assadzadeh &#8211; Kamran Niki Oskoui<\/a><\/p>\n","protected":false},"excerpt":{"rendered":"<p>Our Archive contains the full text of all articles published in the International Journal of Economics and Finance Studies.All articles published in the IJEFS are available as Portable Document Format (PDF) documents. Free Adobe Reader software is needed for reading [download] Vol 5, No 1 , 2013Content MAPPING THE RELATIONSHIP BETWEEN REPUTATION AND CORPORATE SOCIAL [&hellip;]<\/p>\n","protected":false},"author":2,"featured_media":0,"parent":0,"menu_order":0,"comment_status":"closed","ping_status":"closed","template":"","meta":{"footnotes":""},"class_list":["post-359","page","type-page","status-publish","hentry"],"_links":{"self":[{"href":"https:\/\/sobiad.org\/eJOURNALS\/journal_IJEF\/index.html\/wp-json\/wp\/v2\/pages\/359","targetHints":{"allow":["GET"]}}],"collection":[{"href":"https:\/\/sobiad.org\/eJOURNALS\/journal_IJEF\/index.html\/wp-json\/wp\/v2\/pages"}],"about":[{"href":"https:\/\/sobiad.org\/eJOURNALS\/journal_IJEF\/index.html\/wp-json\/wp\/v2\/types\/page"}],"author":[{"embeddable":true,"href":"https:\/\/sobiad.org\/eJOURNALS\/journal_IJEF\/index.html\/wp-json\/wp\/v2\/users\/2"}],"replies":[{"embeddable":true,"href":"https:\/\/sobiad.org\/eJOURNALS\/journal_IJEF\/index.html\/wp-json\/wp\/v2\/comments?post=359"}],"version-history":[{"count":1,"href":"https:\/\/sobiad.org\/eJOURNALS\/journal_IJEF\/index.html\/wp-json\/wp\/v2\/pages\/359\/revisions"}],"predecessor-version":[{"id":925,"href":"https:\/\/sobiad.org\/eJOURNALS\/journal_IJEF\/index.html\/wp-json\/wp\/v2\/pages\/359\/revisions\/925"}],"wp:attachment":[{"href":"https:\/\/sobiad.org\/eJOURNALS\/journal_IJEF\/index.html\/wp-json\/wp\/v2\/media?parent=359"}],"curies":[{"name":"wp","href":"https:\/\/api.w.org\/{rel}","templated":true}]}}