{"id":361,"date":"2020-10-27T17:36:24","date_gmt":"2020-10-27T17:36:24","guid":{"rendered":"https:\/\/sobiad.org\/eJOURNALS\/journal_IJEF\/index.html\/?page_id=361"},"modified":"2026-03-13T07:13:16","modified_gmt":"2026-03-13T07:13:16","slug":"ijefs-vol-6-issue-1-2-2014","status":"publish","type":"page","link":"https:\/\/sobiad.org\/eJOURNALS\/journal_IJEF\/index.html\/ijefs-vol-6-issue-1-2-2014\/","title":{"rendered":"IJEFS, Vol 6, Issue 1-2, 2014"},"content":{"rendered":"\n<p>Our Archive contains the full text of all articles published in the International Journal of Economics and Finance Studies.<br>All articles published in the IJEFS are available as Portable Document Format (PDF) documents. Free Adobe Reader software is needed for reading [<a href=\"http:\/\/www.adobe.com\/products\/acrobat\/readstep2.html\">download<\/a>]<br><br><strong>Vol 6&nbsp; No 1 , 2014<\/strong><br><strong>Content<\/strong><br><br>FOREIGN CAPITAL FLOWS, FDI AND ECONOMIC GROWTH IN TURKEY IN THE POST CRISIS PERIOD<br><a href=\"https:\/\/sobiad.org\/eJOURNALS\/journal_IJEF\/index.html\/eJOURNALS\/journal_IJEF\/archieves\/IJEF-2014_1\/f_dilvin.pdf\">F. Dilvin Ta\u015fk\u0131n &#8211; Mustafa Reha Okur<\/a><br><br>DETERMINING THE FACTORS THAT AFFECT TAXPAYERS\u2019 PERSPECTIVE ON TAX ADMINISTRATION: RESEARCH IN TURKEY<br><a href=\"https:\/\/sobiad.org\/eJOURNALS\/journal_IJEF\/index.html\/eJOURNALS\/journal_IJEF\/archieves\/IJEF-2014_1\/gunes_cetin.pdf\">G\u00fcne\u015f \u00c7etin Gerger &#8211; Adnan Ger\u00e7ek &#8211;&nbsp;\u00c7a\u011fatan Ta\u015fk\u0131n &#8211;&nbsp;Feride Bakar &#8211; Simla G\u00fczel<\/a><br><br>ON THE PERFORMANCE OF ARTIFICIAL INTELLIGENCE METHODS FOR FAILURE PREDICTION: EVIDENCE FROM ISTANBUL STOCK EXCHANGE<br><a href=\"https:\/\/sobiad.org\/eJOURNALS\/journal_IJEF\/index.html\/eJOURNALS\/journal_IJEF\/archieves\/IJEF-2014_1\/hakan-er.pdf\">Hakan Er<\/a><br><br>EFFICIENCY MEASUREMENT METHODS FOR MICROFINANCE INSTITUTIONS: APPLICATIONS IN TURKEY<br><a href=\"https:\/\/sobiad.org\/eJOURNALS\/journal_IJEF\/index.html\/eJOURNALS\/journal_IJEF\/archieves\/IJEF-2014_1\/nurgun_komsu.pdf\">Nurg\u00fcn Kom\u015fuo\u011flu Y\u0131lmaz<\/a><br><br>EU AND TURKEY\u2019S ENERGY STRATEGIES<br><a href=\"https:\/\/sobiad.org\/eJOURNALS\/journal_IJEF\/index.html\/eJOURNALS\/journal_IJEF\/archieves\/IJEF-2014_1\/Seyfi-Noyan.pdf\">Seyfi Noyan O\u011fulata &#8211;&nbsp;\u00c7etin \u00d6nder \u0130ncekara<\/a><br><br><strong>Vol 6&nbsp; No 2 , 2014<\/strong><br><strong>Content<\/strong><br><br>SUSTAINABLE DEVELOPMENT, HUMAN DEVELOPMENT AND&nbsp;<a>INSTITUTIONAL QUALITY (CASE OF MIDDLE EAST COUNTRIES<\/a>)<br><a href=\"https:\/\/sobiad.org\/eJOURNALS\/journal_IJEF\/index.html\/eJOURNALS\/journal_IJEF\/archieves\/IJEF-2014_2\/Davood-behboudi.pdf\">Davood Behboudi &#8211; Soha Moosavi<\/a><br><br>TRANSCULTURAL CONTEXTS AND MANAGEMENT CHALLENGES: ETHNIC INEQUALITIES IN GERMAN LABOUR MARKET<br><a href=\"https:\/\/sobiad.org\/eJOURNALS\/journal_IJEF\/index.html\/eJOURNALS\/journal_IJEF\/archieves\/IJEF-2014_2\/feriha_ozd.pdf\">Feriha \u00d6zdemir<\/a><br><br>INTERNATIONAL SANCTIONS AND THEIR IMPACTS ON IRAN\u2019S ECONOMY<br><a href=\"https:\/\/sobiad.org\/eJOURNALS\/journal_IJEF\/index.html\/eJOURNALS\/journal_IJEF\/archieves\/IJEF-2014_2\/Mahdieh-Aghazadeh.pdf\">Mahdieh Aghazadeh<\/a><br><br>THE EFFECTS OF DIVIDEND POLICY AND OWNERSHIP STRUCTURE TOWARDS DEBT POLICY<br><a href=\"https:\/\/sobiad.org\/eJOURNALS\/journal_IJEF\/index.html\/eJOURNALS\/journal_IJEF\/archieves\/IJEF-2014_2\/Marcella-Fransisca.pdf\">Marcella Fransisca Santosa &#8211; Paskah Ika Nugroho<\/a><\/p>\n","protected":false},"excerpt":{"rendered":"<p>Our Archive contains the full text of all articles published in the International Journal of Economics and Finance Studies.All articles published in the IJEFS are available as Portable Document Format (PDF) documents. Free Adobe Reader software is needed for reading [download] Vol 6&nbsp; No 1 , 2014Content FOREIGN CAPITAL FLOWS, FDI AND ECONOMIC GROWTH IN [&hellip;]<\/p>\n","protected":false},"author":2,"featured_media":0,"parent":0,"menu_order":0,"comment_status":"closed","ping_status":"closed","template":"","meta":{"footnotes":""},"class_list":["post-361","page","type-page","status-publish","hentry"],"_links":{"self":[{"href":"https:\/\/sobiad.org\/eJOURNALS\/journal_IJEF\/index.html\/wp-json\/wp\/v2\/pages\/361","targetHints":{"allow":["GET"]}}],"collection":[{"href":"https:\/\/sobiad.org\/eJOURNALS\/journal_IJEF\/index.html\/wp-json\/wp\/v2\/pages"}],"about":[{"href":"https:\/\/sobiad.org\/eJOURNALS\/journal_IJEF\/index.html\/wp-json\/wp\/v2\/types\/page"}],"author":[{"embeddable":true,"href":"https:\/\/sobiad.org\/eJOURNALS\/journal_IJEF\/index.html\/wp-json\/wp\/v2\/users\/2"}],"replies":[{"embeddable":true,"href":"https:\/\/sobiad.org\/eJOURNALS\/journal_IJEF\/index.html\/wp-json\/wp\/v2\/comments?post=361"}],"version-history":[{"count":1,"href":"https:\/\/sobiad.org\/eJOURNALS\/journal_IJEF\/index.html\/wp-json\/wp\/v2\/pages\/361\/revisions"}],"predecessor-version":[{"id":926,"href":"https:\/\/sobiad.org\/eJOURNALS\/journal_IJEF\/index.html\/wp-json\/wp\/v2\/pages\/361\/revisions\/926"}],"wp:attachment":[{"href":"https:\/\/sobiad.org\/eJOURNALS\/journal_IJEF\/index.html\/wp-json\/wp\/v2\/media?parent=361"}],"curies":[{"name":"wp","href":"https:\/\/api.w.org\/{rel}","templated":true}]}}