{"id":363,"date":"2020-10-27T17:39:32","date_gmt":"2020-10-27T17:39:32","guid":{"rendered":"https:\/\/sobiad.org\/eJOURNALS\/journal_IJEF\/index.html\/?page_id=363"},"modified":"2026-03-13T07:13:50","modified_gmt":"2026-03-13T07:13:50","slug":"ijefs-vol-7-issue-1-2-2015","status":"publish","type":"page","link":"https:\/\/sobiad.org\/eJOURNALS\/journal_IJEF\/index.html\/ijefs-vol-7-issue-1-2-2015\/","title":{"rendered":"IJEFS, Vol 7, Issue 1-2, 2015"},"content":{"rendered":"\n<p>Our Archive contains the full text of all articles published in the International Journal of Economics and Finance Studies.<br>All articles published in the IJEFS are available as Portable Document Format (PDF) documents. Free Adobe Reader software is needed for reading [<a href=\"http:\/\/www.adobe.com\/products\/acrobat\/readstep2.html\">download<\/a>]<br><br><strong>Vol 7&nbsp; No 1 , 2015<\/strong><br><strong>Content<\/strong><br><br>INCLUSIVE ECONOMICS AND THE INTERNATIONAL ECONOMIC ORDER<br><a href=\"https:\/\/sobiad.org\/eJOURNALS\/journal_IJEF\/index.html\/eJOURNALS\/journal_IJEF\/archieves\/ijef_2015\/A.Jvan_Niekerk.pdf\">&nbsp;A.J. van Niekerk<\/a><br><br>FACTORS DETERMINING TAXPAYERS\u2019 PERCEPTION TOWARDS TAX FAIRNESS: THE STRUCTURAL EQUATION MODEL FOR TURKEY&nbsp;&nbsp;&nbsp;&nbsp;&nbsp;&nbsp;&nbsp;&nbsp;&nbsp;&nbsp;&nbsp;&nbsp;&nbsp;&nbsp;&nbsp;&nbsp;&nbsp;&nbsp;&nbsp;&nbsp;&nbsp;&nbsp;&nbsp;&nbsp;&nbsp;&nbsp;&nbsp;&nbsp;&nbsp;&nbsp;&nbsp;&nbsp;&nbsp;&nbsp;&nbsp;&nbsp;&nbsp;&nbsp;&nbsp;&nbsp;&nbsp;&nbsp;&nbsp;&nbsp;&nbsp;&nbsp;&nbsp;&nbsp;&nbsp;&nbsp;&nbsp;&nbsp;&nbsp;&nbsp;&nbsp;&nbsp;&nbsp;&nbsp;&nbsp;&nbsp;&nbsp;&nbsp;&nbsp;&nbsp;&nbsp;&nbsp;<br><a href=\"https:\/\/sobiad.org\/eJOURNALS\/journal_IJEF\/index.html\/eJOURNALS\/journal_IJEF\/archieves\/ijef_2015\/filiz_giray.pdf\">Filiz Giray-Adnan Ger\u00e7ek-Cansu Aydo\u011fdu<\/a><br><br>ON THE VALIDITY OF PURCHASING POWER PARITY: EVIDENCE FROM ENERGY EXPORTING SUB-SAHARAN AFRICA COUNTRIES<br><a href=\"https:\/\/sobiad.org\/eJOURNALS\/journal_IJEF\/index.html\/eJOURNALS\/journal_IJEF\/archieves\/ijef_2015\/Ntokozo-Patrick.pdf\">Ntokozo Patrick Nzimande<\/a><br><br>RELATIVE CONTRIBUTIONS OF THE NIGERIAN CAPITAL MARKET TO THE GROWTH OF &nbsp;EXTERNAL&nbsp;&nbsp;&nbsp;&nbsp; RESERVES (2005-2014)&nbsp;<br><a href=\"https:\/\/sobiad.org\/eJOURNALS\/journal_IJEF\/index.html\/eJOURNALS\/journal_IJEF\/archieves\/ijef_2015\/akanin.pdf\">Akaninyene Udo Akpan-Ezenduka Victoria Ginika<\/a><br><br><strong>Vol 7&nbsp; No 2 , 2015<\/strong><br><strong>Content<\/strong><br><br>TECHNOLOGICAL, ECONOMIC, HUMAN RESOURCE AND ORGANISATIONAL CHALLENGES INKNOWLEDGE MANAGEMENT OF SMALL AND MEDIUM ENTERPRISES (SMEs) IN A SELECTED CITY IN THE REPUBLIC OF ZAMBIA<br><a href=\"https:\/\/sobiad.org\/eJOURNALS\/journal_IJEF\/index.html\/eJOURNALS\/journal_IJEF\/archieves\/ijef_2015\/wiza_munyek.pdf\">Wiza Munyeka<\/a><br><br>THE RELATIONSHIP BETWEEN COMMODITY PRICES AND STOCK PRICES: EVIDENCE FROM TURKEY<br><a href=\"https:\/\/sobiad.org\/eJOURNALS\/journal_IJEF\/index.html\/eJOURNALS\/journal_IJEF\/archieves\/ijef_2015\/erhan-iscan.pdf\">Erhan Iscan<\/a><br><br>CORRUPTION, POVERTY AND ECONOMIC PERFORMANCE: EASTERN EUROPE AND CENTRAL ASIA CASE<br><a href=\"https:\/\/sobiad.org\/eJOURNALS\/journal_IJEF\/index.html\/eJOURNALS\/journal_IJEF\/archieves\/ijef_2015\/mustafa-ildirar.pdf\">Mustafa Ild\u0131rar- Erhan Iscan<\/a><br><br>SOURCES OF GOVERNMENTAL FA\u0130LURE AND IMPERFECT INFORMAT\u0130ON AS POL\u0130T\u0130CAL FA\u0130LURE<br><a href=\"https:\/\/sobiad.org\/eJOURNALS\/journal_IJEF\/index.html\/eJOURNALS\/journal_IJEF\/archieves\/ijef_2015\/aktan-imferfect1.pdf\">Coskun Can Aktan<\/a><\/p>\n","protected":false},"excerpt":{"rendered":"<p>Our Archive contains the full text of all articles published in the International Journal of Economics and Finance Studies.All articles published in the IJEFS are available as Portable Document Format (PDF) documents. Free Adobe Reader software is needed for reading [download] Vol 7&nbsp; No 1 , 2015Content INCLUSIVE ECONOMICS AND THE INTERNATIONAL ECONOMIC ORDER&nbsp;A.J. van [&hellip;]<\/p>\n","protected":false},"author":2,"featured_media":0,"parent":0,"menu_order":0,"comment_status":"closed","ping_status":"closed","template":"","meta":{"footnotes":""},"class_list":["post-363","page","type-page","status-publish","hentry"],"_links":{"self":[{"href":"https:\/\/sobiad.org\/eJOURNALS\/journal_IJEF\/index.html\/wp-json\/wp\/v2\/pages\/363","targetHints":{"allow":["GET"]}}],"collection":[{"href":"https:\/\/sobiad.org\/eJOURNALS\/journal_IJEF\/index.html\/wp-json\/wp\/v2\/pages"}],"about":[{"href":"https:\/\/sobiad.org\/eJOURNALS\/journal_IJEF\/index.html\/wp-json\/wp\/v2\/types\/page"}],"author":[{"embeddable":true,"href":"https:\/\/sobiad.org\/eJOURNALS\/journal_IJEF\/index.html\/wp-json\/wp\/v2\/users\/2"}],"replies":[{"embeddable":true,"href":"https:\/\/sobiad.org\/eJOURNALS\/journal_IJEF\/index.html\/wp-json\/wp\/v2\/comments?post=363"}],"version-history":[{"count":1,"href":"https:\/\/sobiad.org\/eJOURNALS\/journal_IJEF\/index.html\/wp-json\/wp\/v2\/pages\/363\/revisions"}],"predecessor-version":[{"id":927,"href":"https:\/\/sobiad.org\/eJOURNALS\/journal_IJEF\/index.html\/wp-json\/wp\/v2\/pages\/363\/revisions\/927"}],"wp:attachment":[{"href":"https:\/\/sobiad.org\/eJOURNALS\/journal_IJEF\/index.html\/wp-json\/wp\/v2\/media?parent=363"}],"curies":[{"name":"wp","href":"https:\/\/api.w.org\/{rel}","templated":true}]}}