{"id":365,"date":"2020-10-27T17:42:33","date_gmt":"2020-10-27T17:42:33","guid":{"rendered":"https:\/\/sobiad.org\/eJOURNALS\/journal_IJEF\/index.html\/?page_id=365"},"modified":"2026-03-13T07:13:56","modified_gmt":"2026-03-13T07:13:56","slug":"ijefs-vol-8-issue-1-2-2016","status":"publish","type":"page","link":"https:\/\/sobiad.org\/eJOURNALS\/journal_IJEF\/index.html\/ijefs-vol-8-issue-1-2-2016\/","title":{"rendered":"IJEFS, Vol 8, Issue 1-2, 2016"},"content":{"rendered":"\n<p>Our Archive contains the full text of all articles published in the International Journal of Economics and Finance Studies.<br>All articles published in the IJEFS are available as Portable Document Format (PDF) documents. Free Adobe Reader software is needed for reading [<a href=\"http:\/\/www.adobe.com\/products\/acrobat\/readstep2.html\">download<\/a>]<br><br><strong>Vol 8&nbsp; No 1 , 2016<\/strong><br><strong>Content<\/strong><br><br>DYNAMICS OF INDUSTRIAL PRODUCTION IN BRICS COUNTRIES<br><a href=\"https:\/\/sobiad.org\/eJOURNALS\/journal_IJEF\/index.html\/eJOURNALS\/journal_IJEF\/archieves\/IJEF-2016_1\/adebayo.pdf\">Adebayo Augustine Kutu -Harold Ngalawa<\/a><\/p>\n\n\n\n<p>FOREIGN RESERVES\u00a0ACCUMULATION AND\u00a0MACROECONOMIC ENVIRONMENT: THE NIGERIAN EXPERIENCE (2004-2014)<br><a href=\"https:\/\/sobiad.org\/eJOURNALS\/journal_IJEF\/index.html\/eJOURNALS\/journal_IJEF\/archieves\/IJEF-2016_1\/akaninye.pdf\">Akaninyene Udo Akpan<\/a><br><br>THE IMPACT OF CORRUPTION ON TAX MORALE: A STUDY OF SELECT BUSINESS ORGANIZATIONS IN ADDIS ABABA, ETHIOPIA<br><a href=\"https:\/\/sobiad.org\/eJOURNALS\/journal_IJEF\/index.html\/eJOURNALS\/journal_IJEF\/archieves\/IJEF-2016_1\/abebe.pdf\">Abebe Bayu Chariye<\/a><br><br>DETERMINANTS OF FARMERS\u2019 WILLINGNESS TO PAY FOR SUBSIDISED FARM INPUTS IN MALAWI<br><a href=\"https:\/\/sobiad.org\/eJOURNALS\/journal_IJEF\/index.html\/eJOURNALS\/journal_IJEF\/archieves\/IJEF-2016_1\/laston.pdf\">Laston Petro Manja-Gowokani Chijere Chirwa-Patrick Kambewa<\/a><br><br>TECHNOLOGY INTELLIGENCE PROCESS IN TECHNOPARK FIRMS: AN EMPIRICAL RESEARCH IN TURKEY<br><a href=\"https:\/\/sobiad.org\/eJOURNALS\/journal_IJEF\/index.html\/eJOURNALS\/journal_IJEF\/archieves\/IJEF-2016_1\/ali-kilic.pdf\">Ali KILIC-Tanyel CAKMAK-Hakan EREN-Fahri SAKARYA<\/a><br><br>THE IMPACT OF THE\u00a0ISLAMIC BANKS PERFORMANCES ON ECONOMIC GROWTH: USING PANEL DATA<br><a href=\"https:\/\/sobiad.org\/eJOURNALS\/journal_IJEF\/index.html\/eJOURNALS\/journal_IJEF\/archieves\/IJEF-2016_1\/badri.pdf\">Badri Rabaa-Boujelbene Younes<\/a><br><br>AN ASSESSMENT OF FACTORS THAT DETERMINE THE LISTING OF SMALL TO MEDIUM ENTERPRISES (SMEs) ON THE ZIMBABWEAN ALTERNATIVE SECURITIES MARKET<br><a href=\"https:\/\/sobiad.org\/eJOURNALS\/journal_IJEF\/index.html\/eJOURNALS\/journal_IJEF\/archieves\/IJEF-2016_1\/zvendi.pdf\">Zvendi Chitekuteku -Maxwell Sandada<\/a><br><br>BENCHMARKING VALUE CREATION OF COMPANIES LISTED ON THE JSE\u2019S ALTX<br><a href=\"https:\/\/sobiad.org\/eJOURNALS\/journal_IJEF\/index.html\/eJOURNALS\/journal_IJEF\/archieves\/IJEFS2016_1\/paper7_Beneke.pdf\">John Beneke<\/a><br><br>SOUTH AFRICA\u2019S MACROECONOMIC RESILIENCE TO EXTERNAL SHOCKS: A COMPARISON TO ITS BRICS PARTNERS<br><a href=\"https:\/\/sobiad.org\/eJOURNALS\/journal_IJEF\/index.html\/eJOURNALS\/journal_IJEF\/archieves\/IJEFS2016_1\/paper9_Cocheran.pdf\">Henry J. Cockeran<\/a><br><br>DETERMINANTS OF THE PERCEPTIONS OF FREE HIGHER EDUCATION AMONG STUDENTS AT A SOUTH AFRICAN UNIVERSITY<br><a href=\"https:\/\/sobiad.org\/eJOURNALS\/journal_IJEF\/index.html\/eJOURNALS\/journal_IJEF\/archieves\/IJEFS2016_1\/paper17A_Dunga_Mncayi.pdf\">Steven H. Dunga &#8211; Precious Mncayi<\/a><br><br>JUSTICE IN THE WORKPLACE: THE INFLUENCE OF PROCEDURAL, DISTRIBUTIVE AND INTERACTIONAL JUSTICE ON ORGANISATIONAL CITIZENSHIP BEHAVIOUR AMONG EMPLOYEES IN THE POLICE SERVICE<br><a href=\"https:\/\/sobiad.org\/eJOURNALS\/journal_IJEF\/index.html\/eJOURNALS\/journal_IJEF\/archieves\/IJEFS2016_1\/Paper28_VanVuuren_Dhurup_Joubert.pdf\">H.J. van Vuuren- M. Dhurup-P. Joubert<\/a><br><br>REASSESSING THE EXPORT-LED GROWTH RELATIONSHIP THROUGH COINTEGRATION METHODS<br><a href=\"https:\/\/sobiad.org\/eJOURNALS\/journal_IJEF\/index.html\/eJOURNALS\/journal_IJEF\/archieves\/IJEFS2016_1\/Paper62a_Ogbokor.pdf\">C.A. Ogbokor<\/a><br><br>THE CORRELATION BETWEEN PLAYER VALUATION AND THE BARGAINING POSITION OF CLUBS IN THE ENGLISH PREMIER LEAGUE (EPL)<br><a href=\"https:\/\/sobiad.org\/eJOURNALS\/journal_IJEF\/index.html\/eJOURNALS\/journal_IJEF\/archieves\/IJEFS2016_1\/Paper74_Swanepoel_Swanepoel.pdf\">M.J. Swanepoel-J. Swanepoel<\/a><br><br>\u00a0\u201cTHE POSSIBILITY AND IMPOSSIBILITY OF RATIONAL REGULATION IN GOVERNMENT\u201d<br><a href=\"https:\/\/sobiad.org\/eJOURNALS\/journal_IJEF\/index.html\/eJOURNALS\/journal_IJEF\/archieves\/IJEFS2016_1\/aktan-possibi.pdf\">Coskun Can Aktan<\/a><br><br><strong>Vol 8\u00a0 No 2 , 2016<\/strong><br><strong>Content<\/strong><br><br>GROWTH REGIMES IN SUB-SAHARAN AFRICA: A MIXTURE MODEL APPROACH<br><a href=\"https:\/\/sobiad.org\/eJOURNALS\/journal_IJEF\/index.html\/eJOURNALS\/journal_IJEF\/archieves\/IJEF-2016_2\/emmanuel.pdf\">Emmanuel Igbinoba<\/a><br><br>PERCEPTIONS OF THE PSYHOLOGICAL CONTRACT IN WORKING LIFE AND\u00a0\u00a0AN APPLICATION IN THE SERVICE SECTOR<br><a href=\"https:\/\/sobiad.org\/eJOURNALS\/journal_IJEF\/index.html\/eJOURNALS\/journal_IJEF\/archieves\/IJEF-2016_2\/senol.pdf\">\u015eenol Yaprak\u00a0&#8211; Ender T. Helvac\u0131o\u011flu<\/a><br><br>CORPORATE ENVIRONMENTAL DISCLOSURE AND ECONOMIC PERFORMANCE OF COMPANIES IN THE LIBYAN MANUFACTURING SECTOR<br><a href=\"https:\/\/sobiad.org\/eJOURNALS\/journal_IJEF\/index.html\/eJOURNALS\/journal_IJEF\/archieves\/IJEF-2016_2\/kemal.pdf\">Kamal Mahmes<\/a><br><br>TESTING FOR PURCHASING POWER PARITY FOR SELECTED CIS COUNTRIES<br><a href=\"https:\/\/sobiad.org\/eJOURNALS\/journal_IJEF\/index.html\/eJOURNALS\/journal_IJEF\/archieves\/IJEF-2016_2\/esra.pdf\">Esra Ball\u0131- \u00c7iler Sigeze<\/a><br><br>THE INTERACTION BETWEEN STOCK PRICES AND COMMODITY PRICES: EASTERN EUROPE AND CENTRAL ASIA CASE<br><a href=\"https:\/\/sobiad.org\/eJOURNALS\/journal_IJEF\/index.html\/eJOURNALS\/journal_IJEF\/archieves\/IJEF-2016_2\/mustafa.pdf\">Mustafa Ild\u0131rar -Erhan Iscan<\/a><br><br>MICRO-CREDIT FINANCE AND UNEMPLOYMENT IN SOUTH AFRICA<br><a href=\"https:\/\/sobiad.org\/eJOURNALS\/journal_IJEF\/index.html\/eJOURNALS\/journal_IJEF\/archieves\/IJEF-2016_2\/t-ncany.pdf\">T. Ncanywa &#8211; S. Getye<\/a><br><br>BANKING SECTOR DEVELOPMENT AND ECONOMIC GROWTH IN PALESTINE; 1995-2014<br><a href=\"https:\/\/sobiad.org\/eJOURNALS\/journal_IJEF\/index.html\/eJOURNALS\/journal_IJEF\/archieves\/IJEF-2016_2\/gaber.pdf\">Gaber H. Abugamea<\/a><br><br>THE RELATIONSHIP BETWEEN PERCEPTIONS OF THE CAUSES OF POVERTY AND HOUSEHOLD CHARACTERISTICS<br><a href=\"https:\/\/sobiad.org\/eJOURNALS\/journal_IJEF\/index.html\/wp-content\/uploads\/2020\/12\/Paper22_Grobler_Dunga.pdf\">W.C.J. Grobler-S.H. Dunga<\/a><br><br>ANALYSIS OF THE GUIDELINES FOR CLASSIFICATION OF ADVERTISING COSTS IN TAXATION<br><a href=\"https:\/\/sobiad.org\/eJOURNALS\/journal_IJEF\/index.html\/eJOURNALS\/journal_IJEF\/archieves\/IJEFS2016_2\/Paper25_Diederichs_Jacobs_Pelser.pdf\">A. Diederichs-L. Jacobs-V Pelser-Carstens<\/a><br><br>RISK MANAGEMENT DISCLOSURE PRACTICES IN ACCORDANCE WITH KING II and III: THE CASE OF SELECTED JSE LISTED COMPANIES<br><a href=\"https:\/\/sobiad.org\/eJOURNALS\/journal_IJEF\/index.html\/wp-content\/uploads\/2020\/12\/paper26_JvanVuuren.pdf\">Heleen Janse van Vuuren<\/a><br><br>FOREIGN DIRECT INVESTMENT INFLOW, CAPITAL FORMATION AND EMPLOYMENT IN SOUTH AFRICA: A TIME SERIES ANALYSIS<br><a href=\"https:\/\/sobiad.org\/eJOURNALS\/journal_IJEF\/index.html\/wp-content\/uploads\/2020\/12\/Paper45_Megbowona_Ngarava_Mushunje.pdf\">E.T.Megbowon\u00a0<sup>&#8211;\u00a0<\/sup>S. Ngarava\u00a0&#8211; A Mushunje<\/a><br><br>A DIMENSIONAL ANALYSIS OF DESTINATION IMAGE VARIABLES IN A SOUTH AFRICAN CONTEXT: AN EXPLORATORY STUDY<br><a href=\"https:\/\/sobiad.org\/eJOURNALS\/journal_IJEF\/index.html\/wp-content\/uploads\/2020\/12\/Paper51_Mokoena_Dhurup_Surujlal.pdf\">BA Mokoena-M Dhurup -J Surujlal<\/a><br><br>ECONOMETRIC ANALYSIS OF THE IMPACT OF FOREIGN DIRECT INVESTMENT ON ECONOMIC GROWTH IN NAMIBIA: EVIDENCE FROM ANNUAL DATA<br><a href=\"https:\/\/sobiad.org\/eJOURNALS\/journal_IJEF\/index.html\/wp-content\/uploads\/2020\/12\/paper62B_Ogbokor.pdf\">C. A. Ogbokor<\/a><br><br>AN EXPLORATION OF THE FACTORS ASSOCIATED WITH PUBLIC TRUST IN THE SOUTH AFRICAN POLICE SERVICE<br><a href=\"https:\/\/sobiad.org\/eJOURNALS\/journal_IJEF\/index.html\/wp-content\/uploads\/2020\/12\/Paper63B_Olutola_Bello.pdf\">A. A. Olutola &#8211;\u00a0Paul O. Bello Dr.<\/a><br><br>PROPOSED CHANGES TO TAX LAW IN SOUTH AFRICA: INTEREST-FREE LOANS AS A TOOL IN ESTATE PLANNING?<br><a href=\"https:\/\/sobiad.org\/eJOURNALS\/journal_IJEF\/index.html\/wp-content\/uploads\/2020\/12\/paper66_Preston_Kloppers.pdf\">M. J. Preston-H. Kloppers<\/a><br><br>FEASIBILITY OF MONETARY UNION IN THE SADC AND THE EAC: ANALYSIS OF MACROECONOMIC CONVERGENCE CRITERIA<br><a href=\"https:\/\/sobiad.org\/eJOURNALS\/journal_IJEF\/index.html\/wp-content\/uploads\/2020\/12\/Paper68B_Redda_Muzindutsi.pdf\">E.H. Redda-Paul-Francois Muzindutsi<\/a><br><br>MEASUREMENT OF SERVICE QUALITY IN AIR TRANSPORTATION<br><a href=\"https:\/\/sobiad.org\/eJOURNALS\/journal_IJEF\/index.html\/wp-content\/uploads\/2020\/12\/dolekoglu.pdf\">Celile \u00d6. D\u00f6leko\u011flu\u00a0&#8211;\u00a0Sinan Keiyinci &#8211; P\u00fcren Veziro\u011flu<\/a><br><br>THE DETERMINANTS OF INTERNAL MIGRATION: THE CASE OF TURKEY<br><a href=\"https:\/\/sobiad.org\/eJOURNALS\/journal_IJEF\/index.html\/wp-content\/uploads\/2020\/12\/sigeze.pdf\">Ciler Sigeze &#8211; Esra Balli<\/a><br><br>\u00a0\u201cREGULATORY PUBLIC POLICES : AN INTRODUCTORY SURVEY\u201d<br><a href=\"https:\/\/sobiad.org\/eJOURNALS\/journal_IJEF\/index.html\/wp-content\/uploads\/2020\/12\/aktan-regulatory.pdf\">Coskun Can Aktan<\/a><br><br>FACTORS THAT AFFECT NON-PRESCRIPTION MEDICINAL USE IN TURKEY: A MICRO ANALYSIS OF EXPENDITURES ON PHARMACEUTICALS<br><a href=\"https:\/\/sobiad.org\/eJOURNALS\/journal_IJEF\/index.html\/wp-content\/uploads\/2020\/12\/demir-celik.pdf\">Ibrahim Demir \u2013 Yusuf Celik<\/a><\/p>\n","protected":false},"excerpt":{"rendered":"<p>Our Archive contains the full text of all articles published in the International Journal of Economics and Finance Studies.All articles published in the IJEFS are available as Portable Document Format (PDF) documents. Free Adobe Reader software is needed for reading [download] Vol 8&nbsp; No 1 , 2016Content DYNAMICS OF INDUSTRIAL PRODUCTION IN BRICS COUNTRIESAdebayo Augustine [&hellip;]<\/p>\n","protected":false},"author":2,"featured_media":0,"parent":0,"menu_order":0,"comment_status":"closed","ping_status":"closed","template":"","meta":{"footnotes":""},"class_list":["post-365","page","type-page","status-publish","hentry"],"_links":{"self":[{"href":"https:\/\/sobiad.org\/eJOURNALS\/journal_IJEF\/index.html\/wp-json\/wp\/v2\/pages\/365","targetHints":{"allow":["GET"]}}],"collection":[{"href":"https:\/\/sobiad.org\/eJOURNALS\/journal_IJEF\/index.html\/wp-json\/wp\/v2\/pages"}],"about":[{"href":"https:\/\/sobiad.org\/eJOURNALS\/journal_IJEF\/index.html\/wp-json\/wp\/v2\/types\/page"}],"author":[{"embeddable":true,"href":"https:\/\/sobiad.org\/eJOURNALS\/journal_IJEF\/index.html\/wp-json\/wp\/v2\/users\/2"}],"replies":[{"embeddable":true,"href":"https:\/\/sobiad.org\/eJOURNALS\/journal_IJEF\/index.html\/wp-json\/wp\/v2\/comments?post=365"}],"version-history":[{"count":1,"href":"https:\/\/sobiad.org\/eJOURNALS\/journal_IJEF\/index.html\/wp-json\/wp\/v2\/pages\/365\/revisions"}],"predecessor-version":[{"id":928,"href":"https:\/\/sobiad.org\/eJOURNALS\/journal_IJEF\/index.html\/wp-json\/wp\/v2\/pages\/365\/revisions\/928"}],"wp:attachment":[{"href":"https:\/\/sobiad.org\/eJOURNALS\/journal_IJEF\/index.html\/wp-json\/wp\/v2\/media?parent=365"}],"curies":[{"name":"wp","href":"https:\/\/api.w.org\/{rel}","templated":true}]}}