{"id":372,"date":"2020-10-27T17:51:24","date_gmt":"2020-10-27T17:51:24","guid":{"rendered":"https:\/\/sobiad.org\/eJOURNALS\/journal_IJEF\/index.html\/?page_id=372"},"modified":"2026-03-13T07:11:09","modified_gmt":"2026-03-13T07:11:09","slug":"ijefs-vol-11-issue-1-2-2019","status":"publish","type":"page","link":"https:\/\/sobiad.org\/eJOURNALS\/journal_IJEF\/index.html\/ijefs-vol-11-issue-1-2-2019\/","title":{"rendered":"IJEFS, Vol 11, Issue 1-2, 2019"},"content":{"rendered":"\n<p>Our Archive contains the full text of all articles published in the International Journal of Economics and Finance Studies.<br>All articles published in the IJEFS are available as Portable Document Format (PDF) documents. Free Adobe Reader software is needed for reading [<a href=\"http:\/\/www.adobe.com\/products\/acrobat\/readstep2.html\">download<\/a>]<br><br><strong>Vol 11,&nbsp; No 1 , 2019<\/strong><br><strong>Content<\/strong><br><br>MARKET INTELLIGENCE FROM THE INTERNET: AN ILLUSTRATION USING THE BIOMASS HEATING INDUSTRY<br><a href=\"https:\/\/sobiad.org\/eJOURNALS\/journal_IJEF\/index.html\/eJOURNALS\/journal_IJEF\/archieves\/ijef_2019_1\/a-athiyaman.pdf\">Adee Athiyaman &#8211; Thebe Magapa<\/a><br><br>THE FINANCIAL EFFECT OF #FEESMUSTFALL ON INDIVIDUAL TAXPAYERS<br><a href=\"https:\/\/sobiad.org\/eJOURNALS\/journal_IJEF\/index.html\/eJOURNALS\/journal_IJEF\/archieves\/ijef_2019_1\/a-m-moolman.pdf\">Anneke Mar\u00e9 Moolman &#8211; Lerike Jacobs<\/a><br><br>ECONOMIC GROWTH MODELS AND GOVERNMENT EXPENDITURE IN SOUTH AFRICA: A DISAGGREGATED IMPACT ANALYSIS<br><a href=\"https:\/\/sobiad.org\/eJOURNALS\/journal_IJEF\/index.html\/eJOURNALS\/journal_IJEF\/archieves\/ijef_2019_1\/i-a-iwegbunam.pdf\">Ifeoma Anthonia Iwegbunam &#8211; Zurika Robinson<\/a><br><br>RURAL HOUSEHOLD\u2019S SATISFACTION WITH ACCESS TO BASIC SERVICES IN LEPELLE-NKUMPI LOCAL MUNICIPALITY, LIMPOPO PROVINCE<br><a href=\"https:\/\/sobiad.org\/eJOURNALS\/journal_IJEF\/index.html\/eJOURNALS\/journal_IJEF\/archieves\/ijef_2019_1\/k-i-makalele.pdf\">K. I. Makalela &#8211; A. A. Asha<\/a><br><br>DOES HAVING CHILDREN REALLY MAKE A DIFFERENCE: THE CASE OF SOUTH AFRICAN FEMALE ENTREPRENEURS<br><a href=\"https:\/\/sobiad.org\/eJOURNALS\/journal_IJEF\/index.html\/eJOURNALS\/journal_IJEF\/archieves\/ijef_2019_1\/n-meyer.pdf\">N Meyer &#8211; E Keyser<\/a><br><br><strong>Vol 11,&nbsp; No 2 , 2019<\/strong><br><strong>Content<\/strong><br><br>EAST MEETS WEST: A COMPARATIVE ANALYSIS OF LEADERSHIP STYLES IN CANADIAN AND JAPANESE WINE INDUSTRIES<br><a href=\"https:\/\/sobiad.org\/eJOURNALS\/journal_IJEF\/index.html\/eJOURNALS\/journal_IJEF\/archieves\/ijef_2019_2\/n-schutte.pdf\">Nico Schutte &#8211; Musawenkosi Saurombe &#8211; Conor Vibert &#8211; Nicolene Barkhuizen<\/a><br><br>THE IMPACT OF ECONOMIC SECTORS ON LOCAL ECONOMIC DEVELOPMENT (LED): THE CASE OF THE CAPRICORN REGION, LIMPOPO PROVINCE, SOUTH AFRICA<br><a href=\"https:\/\/sobiad.org\/eJOURNALS\/journal_IJEF\/index.html\/eJOURNALS\/journal_IJEF\/archieves\/ijef_2019_2\/r-garidzirai.pdf\">Rufaro Garidzirai &#8211; Daniel Francois Meyer &#8211; Paul Francois Muzindutsi&nbsp;&nbsp;&nbsp;&nbsp;<\/a><br><br>GENDER DYNAMICS IN EMPLOYMENT AND LABOUR FORCE TRENDS IN SOUTH AFRICA<br><a href=\"https:\/\/sobiad.org\/eJOURNALS\/journal_IJEF\/index.html\/eJOURNALS\/journal_IJEF\/archieves\/ijef_2019_2\/r-n-niymbanira.pdf\">Rachel Nishimwe-Niymbanira &#8211; Primrose Thandeka Sabela<\/a><br><br>FAMILY BUSINESS OWNERS\u2019 PERCEPTIONS ON SEEKING ESTATE PLANNING ASSISTANCE<br><a href=\"https:\/\/sobiad.org\/eJOURNALS\/journal_IJEF\/index.html\/eJOURNALS\/journal_IJEF\/archieves\/ijef_2019_2\/t-m-hove.pdf\">Tony Matchaba-Hove &#8211; Teneille Troskie<\/a><br><br>THE INFLUENCE OF PARENTAL FINANCIAL SOCIALISATION TECHNIQUES ON STUDENT FINANCIAL BEHAVIOUR.<br><a href=\"https:\/\/sobiad.org\/eJOURNALS\/journal_IJEF\/index.html\/eJOURNALS\/journal_IJEF\/archieves\/ijef_2019_2\/z-l-antoni.pdf\">Z.L. Antoni &#8211; C Rootman &#8211; F.W. Struwig<\/a><br><br>AN EMPIRICAL ANALYSIS ON THE IMPACT OF THE FOREIGN DIRECT INVESTMENTS ON EXPORT PERFORMANCE: TURKEY CASE<br><a href=\"https:\/\/sobiad.org\/eJOURNALS\/journal_IJEF\/index.html\/eJOURNALS\/journal_IJEF\/archieves\/ijef_2019_2\/m-basilgan-%C4%B1jef.pdf\">M\u00fcsl\u00fcm Bas\u0131lgan &#8211; Ay\u015fe Seha Akman<\/a><\/p>\n","protected":false},"excerpt":{"rendered":"<p>Our Archive contains the full text of all articles published in the International Journal of Economics and Finance Studies.All articles published in the IJEFS are available as Portable Document Format (PDF) documents. Free Adobe Reader software is needed for reading [download] Vol 11,&nbsp; No 1 , 2019Content MARKET INTELLIGENCE FROM THE INTERNET: AN ILLUSTRATION USING [&hellip;]<\/p>\n","protected":false},"author":2,"featured_media":0,"parent":0,"menu_order":0,"comment_status":"closed","ping_status":"closed","template":"","meta":{"footnotes":""},"class_list":["post-372","page","type-page","status-publish","hentry"],"_links":{"self":[{"href":"https:\/\/sobiad.org\/eJOURNALS\/journal_IJEF\/index.html\/wp-json\/wp\/v2\/pages\/372","targetHints":{"allow":["GET"]}}],"collection":[{"href":"https:\/\/sobiad.org\/eJOURNALS\/journal_IJEF\/index.html\/wp-json\/wp\/v2\/pages"}],"about":[{"href":"https:\/\/sobiad.org\/eJOURNALS\/journal_IJEF\/index.html\/wp-json\/wp\/v2\/types\/page"}],"author":[{"embeddable":true,"href":"https:\/\/sobiad.org\/eJOURNALS\/journal_IJEF\/index.html\/wp-json\/wp\/v2\/users\/2"}],"replies":[{"embeddable":true,"href":"https:\/\/sobiad.org\/eJOURNALS\/journal_IJEF\/index.html\/wp-json\/wp\/v2\/comments?post=372"}],"version-history":[{"count":1,"href":"https:\/\/sobiad.org\/eJOURNALS\/journal_IJEF\/index.html\/wp-json\/wp\/v2\/pages\/372\/revisions"}],"predecessor-version":[{"id":920,"href":"https:\/\/sobiad.org\/eJOURNALS\/journal_IJEF\/index.html\/wp-json\/wp\/v2\/pages\/372\/revisions\/920"}],"wp:attachment":[{"href":"https:\/\/sobiad.org\/eJOURNALS\/journal_IJEF\/index.html\/wp-json\/wp\/v2\/media?parent=372"}],"curies":[{"name":"wp","href":"https:\/\/api.w.org\/{rel}","templated":true}]}}